{"id":32328,"date":"2024-06-14T12:04:34","date_gmt":"2024-06-14T10:04:34","guid":{"rendered":"https:\/\/www.dolfines.com\/?page_id=32328"},"modified":"2024-11-15T10:10:36","modified_gmt":"2024-11-15T09:10:36","slug":"nous-contacter-2","status":"publish","type":"page","link":"https:\/\/www.dolfines.com\/fr\/nous-contacter-2\/","title":{"rendered":"L\u00e9gal"},"content":{"rendered":"\t\t<div data-elementor-type=\"wp-page\" data-elementor-id=\"32328\" class=\"elementor elementor-32328 elementor-32327\" data-elementor-post-type=\"page\">\n\t\t\t\t<div class=\"elementor-element elementor-element-b6f2e92 e-flex e-con-boxed e-con e-parent\" data-id=\"b6f2e92\" data-element_type=\"container\" data-e-type=\"container\" data-settings=\"{&quot;background_background&quot;:&quot;classic&quot;}\">\n\t\t\t\t\t<div class=\"e-con-inner\">\n\t\t<div class=\"elementor-element elementor-element-78265ca e-flex e-con-boxed e-con e-child\" data-id=\"78265ca\" data-element_type=\"container\" data-e-type=\"container\">\n\t\t\t\t\t<div class=\"e-con-inner\">\n\t\t\t\t<div class=\"elementor-element elementor-element-370b068 elementor-widget elementor-widget-text-editor\" data-id=\"370b068\" data-element_type=\"widget\" data-e-type=\"widget\" data-widget_type=\"text-editor.default\">\n\t\t\t\t<div class=\"elementor-widget-container\">\n\t\t\t\t\t\t\t\t\t<p>L\u00e9gal<\/p>\n\t\t\t\t\t\t\t\t<\/div>\n\t\t\t\t<\/div>\n\t\t\t\t<div class=\"elementor-element elementor-element-f5db060 elementor-widget__width-initial elementor-widget elementor-widget-heading\" data-id=\"f5db060\" data-element_type=\"widget\" data-e-type=\"widget\" data-widget_type=\"heading.default\">\n\t\t\t\t<div class=\"elementor-widget-container\">\n\t\t\t\t\t<h1 class=\"elementor-heading-title elementor-size-default\">INFORMATIONS L\u00c9GALES<\/h1>\t\t\t\t<\/div>\n\t\t\t\t<\/div>\n\t\t\t\t\t<\/div>\n\t\t\t\t<\/div>\n\t\t\t\t\t<\/div>\n\t\t\t\t<\/div>\n\t\t<div class=\"elementor-element elementor-element-b6d9de9 e-flex e-con-boxed e-con e-parent\" data-id=\"b6d9de9\" data-element_type=\"container\" data-e-type=\"container\">\n\t\t\t\t\t<div class=\"e-con-inner\">\n\t\t\t\t<div class=\"elementor-element elementor-element-c320b66 elementor-widget elementor-widget-heading\" data-id=\"c320b66\" data-element_type=\"widget\" data-e-type=\"widget\" data-widget_type=\"heading.default\">\n\t\t\t\t<div class=\"elementor-widget-container\">\n\t\t\t\t\t<h2 class=\"elementor-heading-title elementor-size-default\">Ce site est \u00e9dit\u00e9 par la soci\u00e9t\u00e9 Dolfines<\/h2>\t\t\t\t<\/div>\n\t\t\t\t<\/div>\n\t\t\t\t<div class=\"elementor-element elementor-element-d998ee2 elementor-widget elementor-widget-text-editor\" data-id=\"d998ee2\" data-element_type=\"widget\" data-e-type=\"widget\" data-widget_type=\"text-editor.default\">\n\t\t\t\t<div class=\"elementor-widget-container\">\n\t\t\t\t\t\t\t\t\t<p>SAS au capital de 3 364 778,20 \u20ac, immatricul\u00e9e au RCS de Versailles le 07-01-2000 &#8211; # B 428 745 020 &#8211; APE 7112B <\/p>\n\t\t\t\t\t\t\t\t<\/div>\n\t\t\t\t<\/div>\n\t\t\t\t<div class=\"elementor-element elementor-element-7faec87 elementor-widget elementor-widget-heading\" data-id=\"7faec87\" data-element_type=\"widget\" data-e-type=\"widget\" data-widget_type=\"heading.default\">\n\t\t\t\t<div class=\"elementor-widget-container\">\n\t\t\t\t\t<h2 class=\"elementor-heading-title elementor-size-default\">Bureaux<\/h2>\t\t\t\t<\/div>\n\t\t\t\t<\/div>\n\t\t\t\t<div class=\"elementor-element elementor-element-83faa90 elementor-widget elementor-widget-text-editor\" data-id=\"83faa90\" data-element_type=\"widget\" data-e-type=\"widget\" data-widget_type=\"text-editor.default\">\n\t\t\t\t<div class=\"elementor-widget-container\">\n\t\t\t\t\t\t\t\t\t<p>12 AVENUE DES PRES <br \/>78180 MONTIGNY-LE-BRETONNEUX<\/p>\n\t\t\t\t\t\t\t\t<\/div>\n\t\t\t\t<\/div>\n\t\t\t\t<div class=\"elementor-element elementor-element-61af174 elementor-widget elementor-widget-text-editor\" data-id=\"61af174\" data-element_type=\"widget\" data-e-type=\"widget\" data-widget_type=\"text-editor.default\">\n\t\t\t\t<div class=\"elementor-widget-container\">\n\t\t\t\t\t\t\t\t\t<p>Num\u00e9ro SIRET: 42874502000019<\/p>\n<p>TVA : FR 37 428 745 020<\/p>\n<p>H\u00e9bergement : OVH, 2 rue Kellermann &#8211; 59100 Roubaix &#8211; France<\/p>\n\t\t\t\t\t\t\t\t<\/div>\n\t\t\t\t<\/div>\n\t\t\t\t<div class=\"elementor-element elementor-element-d1215b7 elementor-widget elementor-widget-text-editor\" data-id=\"d1215b7\" data-element_type=\"widget\" data-e-type=\"widget\" data-widget_type=\"text-editor.default\">\n\t\t\t\t<div class=\"elementor-widget-container\">\n\t\t\t\t\t\t\t\t\t<p>Webmaster<br \/>Vincent NOUAUX<\/p>\n<p>E-mail : contact@dolfines.com<\/p>\n<p>Pour toutes questions relatives \u00e0 l\u2019utilisation de vos donn\u00e9es personnelles, nous vous invitons \u00e0 consulter cette page ou \u00e0 nous poser vos questions via ce formulaire de contact.<\/p>\n\t\t\t\t\t\t\t\t<\/div>\n\t\t\t\t<\/div>\n\t\t\t\t\t<\/div>\n\t\t\t\t<\/div>\n\t\t\t\t<\/div>\n\t\t","protected":false},"excerpt":{"rendered":"<p>Vous souhaitez obtenir un devis, des informations compl\u00e9mentaires ou toute autre demande ? Informations l\u00e9gales<\/p>\n","protected":false},"author":2,"featured_media":0,"parent":0,"menu_order":0,"comment_status":"closed","ping_status":"closed","template":"","meta":{"footnotes":""},"class_list":["post-32328","page","type-page","status-publish","hentry"],"jetpack_sharing_enabled":true,"_links":{"self":[{"href":"https:\/\/www.dolfines.com\/fr\/wp-json\/wp\/v2\/pages\/32328","targetHints":{"allow":["GET"]}}],"collection":[{"href":"https:\/\/www.dolfines.com\/fr\/wp-json\/wp\/v2\/pages"}],"about":[{"href":"https:\/\/www.dolfines.com\/fr\/wp-json\/wp\/v2\/types\/page"}],"author":[{"embeddable":true,"href":"https:\/\/www.dolfines.com\/fr\/wp-json\/wp\/v2\/users\/2"}],"replies":[{"embeddable":true,"href":"https:\/\/www.dolfines.com\/fr\/wp-json\/wp\/v2\/comments?post=32328"}],"version-history":[{"count":10,"href":"https:\/\/www.dolfines.com\/fr\/wp-json\/wp\/v2\/pages\/32328\/revisions"}],"predecessor-version":[{"id":33691,"href":"https:\/\/www.dolfines.com\/fr\/wp-json\/wp\/v2\/pages\/32328\/revisions\/33691"}],"wp:attachment":[{"href":"https:\/\/www.dolfines.com\/fr\/wp-json\/wp\/v2\/media?parent=32328"}],"curies":[{"name":"wp","href":"https:\/\/api.w.org\/{rel}","templated":true}]}}