{"id":33197,"date":"2024-10-01T15:58:36","date_gmt":"2024-10-01T13:58:36","guid":{"rendered":"https:\/\/www.dolfines.com\/?page_id=33197"},"modified":"2024-10-04T09:52:43","modified_gmt":"2024-10-04T07:52:43","slug":"actualites-13","status":"publish","type":"page","link":"https:\/\/www.dolfines.com\/fr\/actualites-13\/","title":{"rendered":"\u00c9tudes de cas &#8211; P\u00e9trole et gaz &#8211; MELLITAH OIL and GAS"},"content":{"rendered":"\t\t<div data-elementor-type=\"wp-page\" data-elementor-id=\"33197\" class=\"elementor elementor-33197 elementor-33196\" data-elementor-post-type=\"page\">\n\t\t\t\t<div class=\"elementor-element elementor-element-362264f e-flex e-con-boxed e-con e-parent\" data-id=\"362264f\" data-element_type=\"container\" data-e-type=\"container\" data-settings=\"{&quot;background_background&quot;:&quot;classic&quot;}\">\n\t\t\t\t\t<div class=\"e-con-inner\">\n\t\t<div class=\"elementor-element elementor-element-7a2833f e-flex e-con-boxed e-con e-child\" data-id=\"7a2833f\" data-element_type=\"container\" data-e-type=\"container\">\n\t\t\t\t\t<div class=\"e-con-inner\">\n\t\t\t\t<div class=\"elementor-element elementor-element-ae63914 elementor-align-left elementor-widget elementor-widget-button\" data-id=\"ae63914\" data-element_type=\"widget\" data-e-type=\"widget\" data-widget_type=\"button.default\">\n\t\t\t\t<div class=\"elementor-widget-container\">\n\t\t\t\t\t\t\t\t\t<div class=\"elementor-button-wrapper\">\n\t\t\t\t\t<a class=\"elementor-button elementor-button-link elementor-size-sm\" href=\"https:\/\/www.dolfines.com\/fr\/actualites-2\/\">\n\t\t\t\t\t\t<span class=\"elementor-button-content-wrapper\">\n\t\t\t\t\t\t<span class=\"elementor-button-icon\">\n\t\t\t\t<svg aria-hidden=\"true\" class=\"e-font-icon-svg e-far-arrow-alt-circle-left\" viewBox=\"0 0 512 512\" xmlns=\"http:\/\/www.w3.org\/2000\/svg\"><path d=\"M8 256c0 137 111 248 248 248s248-111 248-248S393 8 256 8 8 119 8 256zm448 0c0 110.5-89.5 200-200 200S56 366.5 56 256 145.5 56 256 56s200 89.5 200 200zm-72-20v40c0 6.6-5.4 12-12 12H256v67c0 10.7-12.9 16-20.5 8.5l-99-99c-4.7-4.7-4.7-12.3 0-17l99-99c7.6-7.6 20.5-2.2 20.5 8.5v67h116c6.6 0 12 5.4 12 12z\"><\/path><\/svg>\t\t\t<\/span>\n\t\t\t\t\t\t\t\t\t<span class=\"elementor-button-text\">Retour aux \u00e9tudes de cas<\/span>\n\t\t\t\t\t<\/span>\n\t\t\t\t\t<\/a>\n\t\t\t\t<\/div>\n\t\t\t\t\t\t\t\t<\/div>\n\t\t\t\t<\/div>\n\t\t\t\t<div class=\"elementor-element elementor-element-c9d433e elementor-widget elementor-widget-text-editor\" data-id=\"c9d433e\" data-element_type=\"widget\" data-e-type=\"widget\" data-widget_type=\"text-editor.default\">\n\t\t\t\t<div class=\"elementor-widget-container\">\n\t\t\t\t\t\t\t\t\t<p>NOS PROJETS &#8211; \u00c9TUDE DE CAS &#8211; P\u00e9trole et gaz<\/p>\n\t\t\t\t\t\t\t\t<\/div>\n\t\t\t\t<\/div>\n\t\t\t\t<div class=\"elementor-element elementor-element-563b07f elementor-widget__width-initial elementor-widget elementor-widget-heading\" data-id=\"563b07f\" data-element_type=\"widget\" data-e-type=\"widget\" data-widget_type=\"heading.default\">\n\t\t\t\t<div class=\"elementor-widget-container\">\n\t\t\t\t\t<h1 class=\"elementor-heading-title elementor-size-default\">MELLITAH OIL  GAS<\/h1>\t\t\t\t<\/div>\n\t\t\t\t<\/div>\n\t\t\t\t<div class=\"elementor-element elementor-element-770f867 elementor-widget-divider--view-line elementor-widget elementor-widget-divider\" data-id=\"770f867\" data-element_type=\"widget\" data-e-type=\"widget\" data-widget_type=\"divider.default\">\n\t\t\t\t<div class=\"elementor-widget-container\">\n\t\t\t\t\t\t\t<div class=\"elementor-divider\">\n\t\t\t<span class=\"elementor-divider-separator\">\n\t\t\t\t\t\t<\/span>\n\t\t<\/div>\n\t\t\t\t\t\t<\/div>\n\t\t\t\t<\/div>\n\t\t\t\t\t<\/div>\n\t\t\t\t<\/div>\n\t\t\t\t\t<\/div>\n\t\t\t\t<\/div>\n\t\t<div class=\"elementor-element elementor-element-70d0c52 e-flex e-con-boxed e-con e-parent\" data-id=\"70d0c52\" data-element_type=\"container\" data-e-type=\"container\">\n\t\t\t\t\t<div class=\"e-con-inner\">\n\t\t\t\t<div class=\"elementor-element elementor-element-d3f93ba elementor-widget elementor-widget-heading\" data-id=\"d3f93ba\" data-element_type=\"widget\" data-e-type=\"widget\" data-widget_type=\"heading.default\">\n\t\t\t\t<div class=\"elementor-widget-container\">\n\t\t\t\t\t<h2 class=\"elementor-heading-title elementor-size-xl\">D\u00c9TAILS<\/h2>\t\t\t\t<\/div>\n\t\t\t\t<\/div>\n\t\t\t\t<div class=\"elementor-element elementor-element-e1af047 elementor-widget-divider--view-line elementor-widget elementor-widget-divider\" data-id=\"e1af047\" data-element_type=\"widget\" data-e-type=\"widget\" data-widget_type=\"divider.default\">\n\t\t\t\t<div class=\"elementor-widget-container\">\n\t\t\t\t\t\t\t<div class=\"elementor-divider\">\n\t\t\t<span class=\"elementor-divider-separator\">\n\t\t\t\t\t\t<\/span>\n\t\t<\/div>\n\t\t\t\t\t\t<\/div>\n\t\t\t\t<\/div>\n\t\t\t\t<div class=\"elementor-element elementor-element-8c5eea5 elementor-widget elementor-widget-text-editor\" data-id=\"8c5eea5\" data-element_type=\"widget\" data-e-type=\"widget\" data-widget_type=\"text-editor.default\">\n\t\t\t\t<div class=\"elementor-widget-container\">\n\t\t\t\t\t\t\t\t\t<p><strong>Nom du client :<\/strong> MELLITAH OIL GAS<br \/><strong>Nom du projet :<\/strong> APPAREIL DE FORAGE \u00c0 D\u00c9PLACEMENT RAPIDE<br \/><strong>Dur\u00e9e :<\/strong> 2300 man-days<\/p>\n\t\t\t\t\t\t\t\t<\/div>\n\t\t\t\t<\/div>\n\t\t\t\t\t<\/div>\n\t\t\t\t<\/div>\n\t\t<div class=\"elementor-element elementor-element-849973d e-flex e-con-boxed e-con e-parent\" data-id=\"849973d\" data-element_type=\"container\" data-e-type=\"container\">\n\t\t\t\t\t<div class=\"e-con-inner\">\n\t\t\t\t<div class=\"elementor-element elementor-element-ae57df2 elementor-widget elementor-widget-heading\" data-id=\"ae57df2\" data-element_type=\"widget\" data-e-type=\"widget\" data-widget_type=\"heading.default\">\n\t\t\t\t<div class=\"elementor-widget-container\">\n\t\t\t\t\t<h2 class=\"elementor-heading-title elementor-size-xl\">Description du projet<\/h2>\t\t\t\t<\/div>\n\t\t\t\t<\/div>\n\t\t\t\t<div class=\"elementor-element elementor-element-1c28b41 elementor-widget-divider--view-line elementor-widget elementor-widget-divider\" data-id=\"1c28b41\" data-element_type=\"widget\" data-e-type=\"widget\" data-widget_type=\"divider.default\">\n\t\t\t\t<div class=\"elementor-widget-container\">\n\t\t\t\t\t\t\t<div class=\"elementor-divider\">\n\t\t\t<span class=\"elementor-divider-separator\">\n\t\t\t\t\t\t<\/span>\n\t\t<\/div>\n\t\t\t\t\t\t<\/div>\n\t\t\t\t<\/div>\n\t\t\t\t<div class=\"elementor-element elementor-element-2297c1b elementor-widget elementor-widget-text-editor\" data-id=\"2297c1b\" data-element_type=\"widget\" data-e-type=\"widget\" data-widget_type=\"text-editor.default\">\n\t\t\t\t<div class=\"elementor-widget-container\">\n\t\t\t\t\t\t\t\t\t<p>Ce projet a \u00e9t\u00e9 r\u00e9alis\u00e9 en 2021-2022 pour la soci\u00e9t\u00e9 libyenne MELLITAH OILGAS.<br \/>Dans le cadre du d\u00e9veloppement du bloc NC 41, MELLITAH OIL  GAS a demand\u00e9 \u00e0 DOLFINES de concevoir un nouvel appareil de workover capable d&rsquo;op\u00e9rer sur deux nouvelles plateformes de production.<br \/>L&rsquo;objectif de ce projet \u00e9tait de r\u00e9aliser le FEED d&rsquo;une plate-forme modulaire en coordination avec l&rsquo;\u00e9quipe en charge de la conception des plates-formes.<\/p>\n<p>L&rsquo;appareil doit \u00eatre con\u00e7u pour effectuer le forage du raccordement, le forage de la section du r\u00e9servoir et l&rsquo;ach\u00e8vement final, tandis que les phases pr\u00e9c\u00e9dentes sont for\u00e9es \u00e0 partir d&rsquo;un semi-submersible.<\/p>\n\t\t\t\t\t\t\t\t<\/div>\n\t\t\t\t<\/div>\n\t\t\t\t\t<\/div>\n\t\t\t\t<\/div>\n\t\t<div class=\"elementor-element elementor-element-0ec1ac1 e-flex e-con-boxed e-con e-parent\" data-id=\"0ec1ac1\" data-element_type=\"container\" data-e-type=\"container\">\n\t\t\t\t\t<div class=\"e-con-inner\">\n\t\t\t\t<div class=\"elementor-element elementor-element-095db21 elementor-widget elementor-widget-heading\" data-id=\"095db21\" data-element_type=\"widget\" data-e-type=\"widget\" data-widget_type=\"heading.default\">\n\t\t\t\t<div class=\"elementor-widget-container\">\n\t\t\t\t\t<h2 class=\"elementor-heading-title elementor-size-xl\">Activit\u00e9s \/ T\u00e2ches et Solutions d\u00e9velopp\u00e9es par Dolfines<\/h2>\t\t\t\t<\/div>\n\t\t\t\t<\/div>\n\t\t\t\t<div class=\"elementor-element elementor-element-0845b77 elementor-widget-divider--view-line elementor-widget elementor-widget-divider\" data-id=\"0845b77\" data-element_type=\"widget\" data-e-type=\"widget\" data-widget_type=\"divider.default\">\n\t\t\t\t<div class=\"elementor-widget-container\">\n\t\t\t\t\t\t\t<div class=\"elementor-divider\">\n\t\t\t<span class=\"elementor-divider-separator\">\n\t\t\t\t\t\t<\/span>\n\t\t<\/div>\n\t\t\t\t\t\t<\/div>\n\t\t\t\t<\/div>\n\t\t\t\t<div class=\"elementor-element elementor-element-09eb271 elementor-widget elementor-widget-text-editor\" data-id=\"09eb271\" data-element_type=\"widget\" data-e-type=\"widget\" data-widget_type=\"text-editor.default\">\n\t\t\t\t<div class=\"elementor-widget-container\">\n\t\t\t\t\t\t\t\t\t<p>Cette \u00e9tude a couvert toutes les disciplines : sch\u00e9mas, processus, calculs structurels, dimensionnement \u00e9lectrique, \u00e9tudes HSE et mise en service.<\/p>\n<p>Plusieurs contraintes ont d\u00e9termin\u00e9 la conception de la plate-forme.<br \/>L&rsquo;installation sur deux plateformes diff\u00e9rentes, dans deux environnements diff\u00e9rents, a induit de nombreuses restrictions en termes d&rsquo;acc\u00e8s, de disposition et d&rsquo;op\u00e9rations simultan\u00e9es.<br \/>De plus, les grues des plateformes charg\u00e9es de l&rsquo;installation de la plate-forme ont \u00e9t\u00e9 positionn\u00e9es en deux endroits sym\u00e9triques, ce qui a induit une limitation accrue de la taille des modules.<\/p>\n\t\t\t\t\t\t\t\t<\/div>\n\t\t\t\t<\/div>\n\t\t\t\t\t<\/div>\n\t\t\t\t<\/div>\n\t\t<div class=\"elementor-element elementor-element-e38449f e-flex e-con-boxed e-con e-parent\" data-id=\"e38449f\" data-element_type=\"container\" data-e-type=\"container\">\n\t\t\t\t\t<div class=\"e-con-inner\">\n\t\t\t\t<div class=\"elementor-element elementor-element-36c09aa elementor-widget elementor-widget-heading\" data-id=\"36c09aa\" data-element_type=\"widget\" data-e-type=\"widget\" data-widget_type=\"heading.default\">\n\t\t\t\t<div class=\"elementor-widget-container\">\n\t\t\t\t\t<h2 class=\"elementor-heading-title elementor-size-xl\">R\u00e9sultats du projet<\/h2>\t\t\t\t<\/div>\n\t\t\t\t<\/div>\n\t\t\t\t<div class=\"elementor-element elementor-element-547c1e8 elementor-widget-divider--view-line elementor-widget elementor-widget-divider\" data-id=\"547c1e8\" data-element_type=\"widget\" data-e-type=\"widget\" data-widget_type=\"divider.default\">\n\t\t\t\t<div class=\"elementor-widget-container\">\n\t\t\t\t\t\t\t<div class=\"elementor-divider\">\n\t\t\t<span class=\"elementor-divider-separator\">\n\t\t\t\t\t\t<\/span>\n\t\t<\/div>\n\t\t\t\t\t\t<\/div>\n\t\t\t\t<\/div>\n\t\t\t\t<div class=\"elementor-element elementor-element-f03eb04 elementor-widget elementor-widget-text-editor\" data-id=\"f03eb04\" data-element_type=\"widget\" data-e-type=\"widget\" data-widget_type=\"text-editor.default\">\n\t\t\t\t<div class=\"elementor-widget-container\">\n\t\t\t\t\t\t\t\t\t<p>DOLFINES a produit un dossier de conception complet afin de permettre la concurrence entre les fournisseurs internationaux de gr\u00e9ements pour participer \u00e0 l&rsquo;appel d&rsquo;offres EPIC du gr\u00e9ement. Ce dossier est compos\u00e9 de toutes les sp\u00e9cifications, dessins, notes de calculs, listes, rapports ou philosophie qui d\u00e9finissent la plate-forme et ses op\u00e9rations. <\/p>\n<p>Un document contractuel et une estimation des co\u00fbts ont \u00e9galement \u00e9t\u00e9 publi\u00e9s pour guider le client dans la prochaine \u00e9tape du projet.<\/p>\n\t\t\t\t\t\t\t\t<\/div>\n\t\t\t\t<\/div>\n\t\t\t\t\t<\/div>\n\t\t\t\t<\/div>\n\t\t\t\t<\/div>\n\t\t","protected":false},"excerpt":{"rendered":"<p>D\u00e9couvrez ici les derni\u00e8res nouvelles, conf\u00e9rences et salons de Dolfines.<\/p>\n","protected":false},"author":2,"featured_media":31356,"parent":0,"menu_order":0,"comment_status":"closed","ping_status":"closed","template":"","meta":{"footnotes":""},"class_list":["post-33197","page","type-page","status-publish","has-post-thumbnail","hentry"],"jetpack_sharing_enabled":true,"_links":{"self":[{"href":"https:\/\/www.dolfines.com\/fr\/wp-json\/wp\/v2\/pages\/33197","targetHints":{"allow":["GET"]}}],"collection":[{"href":"https:\/\/www.dolfines.com\/fr\/wp-json\/wp\/v2\/pages"}],"about":[{"href":"https:\/\/www.dolfines.com\/fr\/wp-json\/wp\/v2\/types\/page"}],"author":[{"embeddable":true,"href":"https:\/\/www.dolfines.com\/fr\/wp-json\/wp\/v2\/users\/2"}],"replies":[{"embeddable":true,"href":"https:\/\/www.dolfines.com\/fr\/wp-json\/wp\/v2\/comments?post=33197"}],"version-history":[{"count":7,"href":"https:\/\/www.dolfines.com\/fr\/wp-json\/wp\/v2\/pages\/33197\/revisions"}],"predecessor-version":[{"id":33560,"href":"https:\/\/www.dolfines.com\/fr\/wp-json\/wp\/v2\/pages\/33197\/revisions\/33560"}],"wp:featuredmedia":[{"embeddable":true,"href":"https:\/\/www.dolfines.com\/fr\/wp-json\/wp\/v2\/media\/31356"}],"wp:attachment":[{"href":"https:\/\/www.dolfines.com\/fr\/wp-json\/wp\/v2\/media?parent=33197"}],"curies":[{"name":"wp","href":"https:\/\/api.w.org\/{rel}","templated":true}]}}