{"id":33211,"date":"2024-10-01T16:06:45","date_gmt":"2024-10-01T14:06:45","guid":{"rendered":"https:\/\/www.dolfines.com\/?page_id=33211"},"modified":"2024-10-03T12:10:45","modified_gmt":"2024-10-03T10:10:45","slug":"actualites-14","status":"publish","type":"page","link":"https:\/\/www.dolfines.com\/fr\/actualites-14\/","title":{"rendered":"\u00c9tudes de cas &#8211; P\u00e9trole et gaz &#8211; OSEAD HYDROCARBON TECHNOLOGIES"},"content":{"rendered":"\t\t<div data-elementor-type=\"wp-page\" data-elementor-id=\"33211\" class=\"elementor elementor-33211 elementor-33210\" data-elementor-post-type=\"page\">\n\t\t\t\t<div class=\"elementor-element elementor-element-362264f e-flex e-con-boxed e-con e-parent\" data-id=\"362264f\" data-element_type=\"container\" data-e-type=\"container\" data-settings=\"{&quot;background_background&quot;:&quot;classic&quot;}\">\n\t\t\t\t\t<div class=\"e-con-inner\">\n\t\t<div class=\"elementor-element elementor-element-7a2833f e-flex e-con-boxed e-con e-child\" data-id=\"7a2833f\" data-element_type=\"container\" data-e-type=\"container\">\n\t\t\t\t\t<div class=\"e-con-inner\">\n\t\t\t\t<div class=\"elementor-element elementor-element-ae63914 elementor-align-left elementor-widget elementor-widget-button\" data-id=\"ae63914\" data-element_type=\"widget\" data-e-type=\"widget\" data-widget_type=\"button.default\">\n\t\t\t\t<div class=\"elementor-widget-container\">\n\t\t\t\t\t\t\t\t\t<div class=\"elementor-button-wrapper\">\n\t\t\t\t\t<a class=\"elementor-button elementor-button-link elementor-size-sm\" href=\"https:\/\/www.dolfines.com\/fr\/actualites-2\/\">\n\t\t\t\t\t\t<span class=\"elementor-button-content-wrapper\">\n\t\t\t\t\t\t<span class=\"elementor-button-icon\">\n\t\t\t\t<svg aria-hidden=\"true\" class=\"e-font-icon-svg e-far-arrow-alt-circle-left\" viewBox=\"0 0 512 512\" xmlns=\"http:\/\/www.w3.org\/2000\/svg\"><path d=\"M8 256c0 137 111 248 248 248s248-111 248-248S393 8 256 8 8 119 8 256zm448 0c0 110.5-89.5 200-200 200S56 366.5 56 256 145.5 56 256 56s200 89.5 200 200zm-72-20v40c0 6.6-5.4 12-12 12H256v67c0 10.7-12.9 16-20.5 8.5l-99-99c-4.7-4.7-4.7-12.3 0-17l99-99c7.6-7.6 20.5-2.2 20.5 8.5v67h116c6.6 0 12 5.4 12 12z\"><\/path><\/svg>\t\t\t<\/span>\n\t\t\t\t\t\t\t\t\t<span class=\"elementor-button-text\">Retour aux \u00e9tudes de cas<\/span>\n\t\t\t\t\t<\/span>\n\t\t\t\t\t<\/a>\n\t\t\t\t<\/div>\n\t\t\t\t\t\t\t\t<\/div>\n\t\t\t\t<\/div>\n\t\t\t\t<div class=\"elementor-element elementor-element-c9d433e elementor-widget elementor-widget-text-editor\" data-id=\"c9d433e\" data-element_type=\"widget\" data-e-type=\"widget\" data-widget_type=\"text-editor.default\">\n\t\t\t\t<div class=\"elementor-widget-container\">\n\t\t\t\t\t\t\t\t\t<p>NOS PROJETS &#8211; \u00c9TUDE DE CAS &#8211; P\u00e9trole et gaz<\/p>\n\t\t\t\t\t\t\t\t<\/div>\n\t\t\t\t<\/div>\n\t\t\t\t<div class=\"elementor-element elementor-element-563b07f elementor-widget__width-initial elementor-widget elementor-widget-heading\" data-id=\"563b07f\" data-element_type=\"widget\" data-e-type=\"widget\" data-widget_type=\"heading.default\">\n\t\t\t\t<div class=\"elementor-widget-container\">\n\t\t\t\t\t<h1 class=\"elementor-heading-title elementor-size-default\">OSEAD HYDROCARBON TECHNOLOGIES<\/h1>\t\t\t\t<\/div>\n\t\t\t\t<\/div>\n\t\t\t\t<div class=\"elementor-element elementor-element-770f867 elementor-widget-divider--view-line elementor-widget elementor-widget-divider\" data-id=\"770f867\" data-element_type=\"widget\" data-e-type=\"widget\" data-widget_type=\"divider.default\">\n\t\t\t\t<div class=\"elementor-widget-container\">\n\t\t\t\t\t\t\t<div class=\"elementor-divider\">\n\t\t\t<span class=\"elementor-divider-separator\">\n\t\t\t\t\t\t<\/span>\n\t\t<\/div>\n\t\t\t\t\t\t<\/div>\n\t\t\t\t<\/div>\n\t\t\t\t\t<\/div>\n\t\t\t\t<\/div>\n\t\t\t\t\t<\/div>\n\t\t\t\t<\/div>\n\t\t<div class=\"elementor-element elementor-element-70d0c52 e-flex e-con-boxed e-con e-parent\" data-id=\"70d0c52\" data-element_type=\"container\" data-e-type=\"container\">\n\t\t\t\t\t<div class=\"e-con-inner\">\n\t\t\t\t<div class=\"elementor-element elementor-element-d3f93ba elementor-widget elementor-widget-heading\" data-id=\"d3f93ba\" data-element_type=\"widget\" data-e-type=\"widget\" data-widget_type=\"heading.default\">\n\t\t\t\t<div class=\"elementor-widget-container\">\n\t\t\t\t\t<h2 class=\"elementor-heading-title elementor-size-xl\">D\u00c9TAILS<\/h2>\t\t\t\t<\/div>\n\t\t\t\t<\/div>\n\t\t\t\t<div class=\"elementor-element elementor-element-e1af047 elementor-widget-divider--view-line elementor-widget elementor-widget-divider\" data-id=\"e1af047\" data-element_type=\"widget\" data-e-type=\"widget\" data-widget_type=\"divider.default\">\n\t\t\t\t<div class=\"elementor-widget-container\">\n\t\t\t\t\t\t\t<div class=\"elementor-divider\">\n\t\t\t<span class=\"elementor-divider-separator\">\n\t\t\t\t\t\t<\/span>\n\t\t<\/div>\n\t\t\t\t\t\t<\/div>\n\t\t\t\t<\/div>\n\t\t\t\t<div class=\"elementor-element elementor-element-8c5eea5 elementor-widget elementor-widget-text-editor\" data-id=\"8c5eea5\" data-element_type=\"widget\" data-e-type=\"widget\" data-widget_type=\"text-editor.default\">\n\t\t\t\t<div class=\"elementor-widget-container\">\n\t\t\t\t\t\t\t\t\t<p><strong>Nom du client :<\/strong> OSEAD HYDROCARBON TECHNOLOGIES<br \/><strong>Nom du projet :<\/strong> Projet CITEPH et d\u00e9veloppements ult\u00e9rieurs<br \/><strong>Dur\u00e9e :<\/strong> 580 man-days<\/p>\n\t\t\t\t\t\t\t\t<\/div>\n\t\t\t\t<\/div>\n\t\t\t\t\t<\/div>\n\t\t\t\t<\/div>\n\t\t<div class=\"elementor-element elementor-element-849973d e-flex e-con-boxed e-con e-parent\" data-id=\"849973d\" data-element_type=\"container\" data-e-type=\"container\">\n\t\t\t\t\t<div class=\"e-con-inner\">\n\t\t\t\t<div class=\"elementor-element elementor-element-ae57df2 elementor-widget elementor-widget-heading\" data-id=\"ae57df2\" data-element_type=\"widget\" data-e-type=\"widget\" data-widget_type=\"heading.default\">\n\t\t\t\t<div class=\"elementor-widget-container\">\n\t\t\t\t\t<h2 class=\"elementor-heading-title elementor-size-xl\">Description du projet<\/h2>\t\t\t\t<\/div>\n\t\t\t\t<\/div>\n\t\t\t\t<div class=\"elementor-element elementor-element-1c28b41 elementor-widget-divider--view-line elementor-widget elementor-widget-divider\" data-id=\"1c28b41\" data-element_type=\"widget\" data-e-type=\"widget\" data-widget_type=\"divider.default\">\n\t\t\t\t<div class=\"elementor-widget-container\">\n\t\t\t\t\t\t\t<div class=\"elementor-divider\">\n\t\t\t<span class=\"elementor-divider-separator\">\n\t\t\t\t\t\t<\/span>\n\t\t<\/div>\n\t\t\t\t\t\t<\/div>\n\t\t\t\t<\/div>\n\t\t\t\t<div class=\"elementor-element elementor-element-2297c1b elementor-widget elementor-widget-text-editor\" data-id=\"2297c1b\" data-element_type=\"widget\" data-e-type=\"widget\" data-widget_type=\"text-editor.default\">\n\t\t\t\t<div class=\"elementor-widget-container\">\n\t\t\t\t\t\t\t\t\t<p>OSEAD HYDROCARBON TECHNOLOGIES (OHT) est une start-up sp\u00e9cialis\u00e9e dans le traitement des effluents pollu\u00e9s par les hydrocarbures gr\u00e2ce \u00e0 des technologies brevet\u00e9es. Ces technologies sont bas\u00e9es sur un polym\u00e8re ol\u00e9ophile \/ hydrophobe qui peut capturer les mol\u00e9cules d&rsquo;hydrocarbures d&rsquo;un effluent et les lib\u00e9rer apr\u00e8s traitement.<br \/>DOLFINES a assist\u00e9 la start-up dans ses capacit\u00e9s de conception et de gestion de projet ainsi que dans son exp\u00e9rimentation sur le terrain de 2013 \u00e0 2016. <\/p>\n\t\t\t\t\t\t\t\t<\/div>\n\t\t\t\t<\/div>\n\t\t\t\t\t<\/div>\n\t\t\t\t<\/div>\n\t\t<div class=\"elementor-element elementor-element-0ec1ac1 e-flex e-con-boxed e-con e-parent\" data-id=\"0ec1ac1\" data-element_type=\"container\" data-e-type=\"container\">\n\t\t\t\t\t<div class=\"e-con-inner\">\n\t\t\t\t<div class=\"elementor-element elementor-element-095db21 elementor-widget elementor-widget-heading\" data-id=\"095db21\" data-element_type=\"widget\" data-e-type=\"widget\" data-widget_type=\"heading.default\">\n\t\t\t\t<div class=\"elementor-widget-container\">\n\t\t\t\t\t<h2 class=\"elementor-heading-title elementor-size-xl\">Activit\u00e9s \/ T\u00e2ches et Solutions d\u00e9velopp\u00e9es par Dolfines<\/h2>\t\t\t\t<\/div>\n\t\t\t\t<\/div>\n\t\t\t\t<div class=\"elementor-element elementor-element-0845b77 elementor-widget-divider--view-line elementor-widget elementor-widget-divider\" data-id=\"0845b77\" data-element_type=\"widget\" data-e-type=\"widget\" data-widget_type=\"divider.default\">\n\t\t\t\t<div class=\"elementor-widget-container\">\n\t\t\t\t\t\t\t<div class=\"elementor-divider\">\n\t\t\t<span class=\"elementor-divider-separator\">\n\t\t\t\t\t\t<\/span>\n\t\t<\/div>\n\t\t\t\t\t\t<\/div>\n\t\t\t\t<\/div>\n\t\t\t\t<div class=\"elementor-element elementor-element-09eb271 elementor-widget elementor-widget-text-editor\" data-id=\"09eb271\" data-element_type=\"widget\" data-e-type=\"widget\" data-widget_type=\"text-editor.default\">\n\t\t\t\t<div class=\"elementor-widget-container\">\n\t\t\t\t\t\t\t\t\t<p>La collaboration entre OHT et DOLFINES s&rsquo;est \u00e9tendue \u00e0 divers projets et d\u00e9veloppements technologiques.<\/p>\n<p>Le projet CITEPH 28-2012 visait \u00e0 concevoir et \u00e0 tester sur le terrain une unit\u00e9 pilote pour le traitement de l&rsquo;eau de production. Ce pilote a \u00e9t\u00e9 test\u00e9 avec succ\u00e8s en Allemagne en 2014. <\/p>\n<p>Ce pilote a ensuite \u00e9t\u00e9 am\u00e9lior\u00e9 pour permettre le traitement des effluents de raffinerie.<\/p>\n<p>DOLFINES a \u00e9galement accompagn\u00e9 OHT dans le d\u00e9veloppement de ses technologies par des \u00e9tudes d&rsquo;ing\u00e9nierie pour la mise \u00e0 l&rsquo;\u00e9chelle industrielle, tant pour le traitement des effluents que des sols. <\/p>\n\t\t\t\t\t\t\t\t<\/div>\n\t\t\t\t<\/div>\n\t\t\t\t\t<\/div>\n\t\t\t\t<\/div>\n\t\t<div class=\"elementor-element elementor-element-e38449f e-flex e-con-boxed e-con e-parent\" data-id=\"e38449f\" data-element_type=\"container\" data-e-type=\"container\">\n\t\t\t\t\t<div class=\"e-con-inner\">\n\t\t\t\t<div class=\"elementor-element elementor-element-36c09aa elementor-widget elementor-widget-heading\" data-id=\"36c09aa\" data-element_type=\"widget\" data-e-type=\"widget\" data-widget_type=\"heading.default\">\n\t\t\t\t<div class=\"elementor-widget-container\">\n\t\t\t\t\t<h2 class=\"elementor-heading-title elementor-size-xl\">R\u00e9sultats du projet<\/h2>\t\t\t\t<\/div>\n\t\t\t\t<\/div>\n\t\t\t\t<div class=\"elementor-element elementor-element-547c1e8 elementor-widget-divider--view-line elementor-widget elementor-widget-divider\" data-id=\"547c1e8\" data-element_type=\"widget\" data-e-type=\"widget\" data-widget_type=\"divider.default\">\n\t\t\t\t<div class=\"elementor-widget-container\">\n\t\t\t\t\t\t\t<div class=\"elementor-divider\">\n\t\t\t<span class=\"elementor-divider-separator\">\n\t\t\t\t\t\t<\/span>\n\t\t<\/div>\n\t\t\t\t\t\t<\/div>\n\t\t\t\t<\/div>\n\t\t\t\t<div class=\"elementor-element elementor-element-f03eb04 elementor-widget elementor-widget-text-editor\" data-id=\"f03eb04\" data-element_type=\"widget\" data-e-type=\"widget\" data-widget_type=\"text-editor.default\">\n\t\t\t\t<div class=\"elementor-widget-container\">\n\t\t\t\t\t\t\t\t\t<p>DOLFINES a apport\u00e9 son expertise sur plusieurs missions, telles que l&rsquo;ing\u00e9nierie, la gestion de projet, le suivi de la construction, la mise en service et l&rsquo;exploitation. Cela a inclus la production de nombreux documents, tels que des sp\u00e9cifications, des dessins, des notes de calcul, des rapports, des plannings, etc. <\/p>\n\t\t\t\t\t\t\t\t<\/div>\n\t\t\t\t<\/div>\n\t\t\t\t\t<\/div>\n\t\t\t\t<\/div>\n\t\t\t\t<\/div>\n\t\t","protected":false},"excerpt":{"rendered":"<p>D\u00e9couvrez ici les derni\u00e8res nouvelles, conf\u00e9rences et salons de Dolfines.<\/p>\n","protected":false},"author":2,"featured_media":31356,"parent":0,"menu_order":0,"comment_status":"closed","ping_status":"closed","template":"","meta":{"footnotes":""},"class_list":["post-33211","page","type-page","status-publish","has-post-thumbnail","hentry"],"jetpack_sharing_enabled":true,"_links":{"self":[{"href":"https:\/\/www.dolfines.com\/fr\/wp-json\/wp\/v2\/pages\/33211","targetHints":{"allow":["GET"]}}],"collection":[{"href":"https:\/\/www.dolfines.com\/fr\/wp-json\/wp\/v2\/pages"}],"about":[{"href":"https:\/\/www.dolfines.com\/fr\/wp-json\/wp\/v2\/types\/page"}],"author":[{"embeddable":true,"href":"https:\/\/www.dolfines.com\/fr\/wp-json\/wp\/v2\/users\/2"}],"replies":[{"embeddable":true,"href":"https:\/\/www.dolfines.com\/fr\/wp-json\/wp\/v2\/comments?post=33211"}],"version-history":[{"count":5,"href":"https:\/\/www.dolfines.com\/fr\/wp-json\/wp\/v2\/pages\/33211\/revisions"}],"predecessor-version":[{"id":33555,"href":"https:\/\/www.dolfines.com\/fr\/wp-json\/wp\/v2\/pages\/33211\/revisions\/33555"}],"wp:featuredmedia":[{"embeddable":true,"href":"https:\/\/www.dolfines.com\/fr\/wp-json\/wp\/v2\/media\/31356"}],"wp:attachment":[{"href":"https:\/\/www.dolfines.com\/fr\/wp-json\/wp\/v2\/media?parent=33211"}],"curies":[{"name":"wp","href":"https:\/\/api.w.org\/{rel}","templated":true}]}}