{"id":33243,"date":"2024-10-01T16:31:44","date_gmt":"2024-10-01T14:31:44","guid":{"rendered":"https:\/\/www.dolfines.com\/?page_id=33243"},"modified":"2024-10-04T09:57:01","modified_gmt":"2024-10-04T07:57:01","slug":"actualites-16","status":"publish","type":"page","link":"https:\/\/www.dolfines.com\/fr\/actualites-16\/","title":{"rendered":"\u00c9tudes de cas &#8211; P\u00e9trole et gaz &#8211; Projet SHWE"},"content":{"rendered":"\t\t<div data-elementor-type=\"wp-page\" data-elementor-id=\"33243\" class=\"elementor elementor-33243 elementor-33242\" data-elementor-post-type=\"page\">\n\t\t\t\t<div class=\"elementor-element elementor-element-362264f e-flex e-con-boxed e-con e-parent\" data-id=\"362264f\" data-element_type=\"container\" data-e-type=\"container\" data-settings=\"{&quot;background_background&quot;:&quot;classic&quot;}\">\n\t\t\t\t\t<div class=\"e-con-inner\">\n\t\t<div class=\"elementor-element elementor-element-7a2833f e-flex e-con-boxed e-con e-child\" data-id=\"7a2833f\" data-element_type=\"container\" data-e-type=\"container\">\n\t\t\t\t\t<div class=\"e-con-inner\">\n\t\t\t\t<div class=\"elementor-element elementor-element-ae63914 elementor-align-left elementor-widget elementor-widget-button\" data-id=\"ae63914\" data-element_type=\"widget\" data-e-type=\"widget\" data-widget_type=\"button.default\">\n\t\t\t\t<div class=\"elementor-widget-container\">\n\t\t\t\t\t\t\t\t\t<div class=\"elementor-button-wrapper\">\n\t\t\t\t\t<a class=\"elementor-button elementor-button-link elementor-size-sm\" href=\"https:\/\/www.dolfines.com\/fr\/actualites-2\/\">\n\t\t\t\t\t\t<span class=\"elementor-button-content-wrapper\">\n\t\t\t\t\t\t<span class=\"elementor-button-icon\">\n\t\t\t\t<svg aria-hidden=\"true\" class=\"e-font-icon-svg e-far-arrow-alt-circle-left\" viewBox=\"0 0 512 512\" xmlns=\"http:\/\/www.w3.org\/2000\/svg\"><path d=\"M8 256c0 137 111 248 248 248s248-111 248-248S393 8 256 8 8 119 8 256zm448 0c0 110.5-89.5 200-200 200S56 366.5 56 256 145.5 56 256 56s200 89.5 200 200zm-72-20v40c0 6.6-5.4 12-12 12H256v67c0 10.7-12.9 16-20.5 8.5l-99-99c-4.7-4.7-4.7-12.3 0-17l99-99c7.6-7.6 20.5-2.2 20.5 8.5v67h116c6.6 0 12 5.4 12 12z\"><\/path><\/svg>\t\t\t<\/span>\n\t\t\t\t\t\t\t\t\t<span class=\"elementor-button-text\">Retour aux \u00e9tudes de cas<\/span>\n\t\t\t\t\t<\/span>\n\t\t\t\t\t<\/a>\n\t\t\t\t<\/div>\n\t\t\t\t\t\t\t\t<\/div>\n\t\t\t\t<\/div>\n\t\t\t\t<div class=\"elementor-element elementor-element-c9d433e elementor-widget elementor-widget-text-editor\" data-id=\"c9d433e\" data-element_type=\"widget\" data-e-type=\"widget\" data-widget_type=\"text-editor.default\">\n\t\t\t\t<div class=\"elementor-widget-container\">\n\t\t\t\t\t\t\t\t\t<p>NOS PROJETS &#8211; \u00c9TUDE DE CAS &#8211; P\u00e9trole et gaz<\/p>\n\t\t\t\t\t\t\t\t<\/div>\n\t\t\t\t<\/div>\n\t\t\t\t<div class=\"elementor-element elementor-element-563b07f elementor-widget__width-initial elementor-widget elementor-widget-heading\" data-id=\"563b07f\" data-element_type=\"widget\" data-e-type=\"widget\" data-widget_type=\"heading.default\">\n\t\t\t\t<div class=\"elementor-widget-container\">\n\t\t\t\t\t<h1 class=\"elementor-heading-title elementor-size-default\">Projet SHWE<\/h1>\t\t\t\t<\/div>\n\t\t\t\t<\/div>\n\t\t\t\t<div class=\"elementor-element elementor-element-770f867 elementor-widget-divider--view-line elementor-widget elementor-widget-divider\" data-id=\"770f867\" data-element_type=\"widget\" data-e-type=\"widget\" data-widget_type=\"divider.default\">\n\t\t\t\t<div class=\"elementor-widget-container\">\n\t\t\t\t\t\t\t<div class=\"elementor-divider\">\n\t\t\t<span class=\"elementor-divider-separator\">\n\t\t\t\t\t\t<\/span>\n\t\t<\/div>\n\t\t\t\t\t\t<\/div>\n\t\t\t\t<\/div>\n\t\t\t\t\t<\/div>\n\t\t\t\t<\/div>\n\t\t\t\t\t<\/div>\n\t\t\t\t<\/div>\n\t\t<div class=\"elementor-element elementor-element-70d0c52 e-flex e-con-boxed e-con e-parent\" data-id=\"70d0c52\" data-element_type=\"container\" data-e-type=\"container\">\n\t\t\t\t\t<div class=\"e-con-inner\">\n\t\t\t\t<div class=\"elementor-element elementor-element-d3f93ba elementor-widget elementor-widget-heading\" data-id=\"d3f93ba\" data-element_type=\"widget\" data-e-type=\"widget\" data-widget_type=\"heading.default\">\n\t\t\t\t<div class=\"elementor-widget-container\">\n\t\t\t\t\t<h2 class=\"elementor-heading-title elementor-size-xl\">D\u00c9TAILS<\/h2>\t\t\t\t<\/div>\n\t\t\t\t<\/div>\n\t\t\t\t<div class=\"elementor-element elementor-element-e1af047 elementor-widget-divider--view-line elementor-widget elementor-widget-divider\" data-id=\"e1af047\" data-element_type=\"widget\" data-e-type=\"widget\" data-widget_type=\"divider.default\">\n\t\t\t\t<div class=\"elementor-widget-container\">\n\t\t\t\t\t\t\t<div class=\"elementor-divider\">\n\t\t\t<span class=\"elementor-divider-separator\">\n\t\t\t\t\t\t<\/span>\n\t\t<\/div>\n\t\t\t\t\t\t<\/div>\n\t\t\t\t<\/div>\n\t\t\t\t<div class=\"elementor-element elementor-element-8c5eea5 elementor-widget elementor-widget-text-editor\" data-id=\"8c5eea5\" data-element_type=\"widget\" data-e-type=\"widget\" data-widget_type=\"text-editor.default\">\n\t\t\t\t<div class=\"elementor-widget-container\">\n\t\t\t\t\t\t\t\t\t<p><strong>Nom du client :<\/strong> DAEWOO INTERNATIONAL \/ HYUNDAI HEAVY INDUSTRIES<br \/><strong>Nom du projet :<\/strong> SHWE project<br \/><strong>Dur\u00e9e :<\/strong> 10000 man-days<\/p>\n\t\t\t\t\t\t\t\t<\/div>\n\t\t\t\t<\/div>\n\t\t\t\t\t<\/div>\n\t\t\t\t<\/div>\n\t\t<div class=\"elementor-element elementor-element-849973d e-flex e-con-boxed e-con e-parent\" data-id=\"849973d\" data-element_type=\"container\" data-e-type=\"container\">\n\t\t\t\t\t<div class=\"e-con-inner\">\n\t\t\t\t<div class=\"elementor-element elementor-element-ae57df2 elementor-widget elementor-widget-heading\" data-id=\"ae57df2\" data-element_type=\"widget\" data-e-type=\"widget\" data-widget_type=\"heading.default\">\n\t\t\t\t<div class=\"elementor-widget-container\">\n\t\t\t\t\t<h2 class=\"elementor-heading-title elementor-size-xl\">Description du projet<\/h2>\t\t\t\t<\/div>\n\t\t\t\t<\/div>\n\t\t\t\t<div class=\"elementor-element elementor-element-1c28b41 elementor-widget-divider--view-line elementor-widget elementor-widget-divider\" data-id=\"1c28b41\" data-element_type=\"widget\" data-e-type=\"widget\" data-widget_type=\"divider.default\">\n\t\t\t\t<div class=\"elementor-widget-container\">\n\t\t\t\t\t\t\t<div class=\"elementor-divider\">\n\t\t\t<span class=\"elementor-divider-separator\">\n\t\t\t\t\t\t<\/span>\n\t\t<\/div>\n\t\t\t\t\t\t<\/div>\n\t\t\t\t<\/div>\n\t\t\t\t<div class=\"elementor-element elementor-element-2297c1b elementor-widget elementor-widget-text-editor\" data-id=\"2297c1b\" data-element_type=\"widget\" data-e-type=\"widget\" data-widget_type=\"text-editor.default\">\n\t\t\t\t<div class=\"elementor-widget-container\">\n\t\t\t\t\t\t\t\t\t<p>DAEWOO INTERNATIONAL d\u00e9veloppait le champ gazier SHWE, au large du Myanmar. <br \/>L&rsquo;objectif du projet \u00e9tait de concevoir une plate-forme int\u00e9gr\u00e9e avec des \u00e9quipements de forage et de production et des quartiers d&rsquo;habitation de 200 lits. HHI a charg\u00e9 DORIS ENGINEERING de la conception de la partie sup\u00e9rieure et DOLFINES de la conception de base et d\u00e9taill\u00e9e de la plate-forme de 3000 CV. <\/p>\n\t\t\t\t\t\t\t\t<\/div>\n\t\t\t\t<\/div>\n\t\t\t\t\t<\/div>\n\t\t\t\t<\/div>\n\t\t<div class=\"elementor-element elementor-element-0ec1ac1 e-flex e-con-boxed e-con e-parent\" data-id=\"0ec1ac1\" data-element_type=\"container\" data-e-type=\"container\">\n\t\t\t\t\t<div class=\"e-con-inner\">\n\t\t\t\t<div class=\"elementor-element elementor-element-095db21 elementor-widget elementor-widget-heading\" data-id=\"095db21\" data-element_type=\"widget\" data-e-type=\"widget\" data-widget_type=\"heading.default\">\n\t\t\t\t<div class=\"elementor-widget-container\">\n\t\t\t\t\t<h2 class=\"elementor-heading-title elementor-size-xl\">Activit\u00e9s \/ T\u00e2ches et Solutions d\u00e9velopp\u00e9es par Dolfines<\/h2>\t\t\t\t<\/div>\n\t\t\t\t<\/div>\n\t\t\t\t<div class=\"elementor-element elementor-element-0845b77 elementor-widget-divider--view-line elementor-widget elementor-widget-divider\" data-id=\"0845b77\" data-element_type=\"widget\" data-e-type=\"widget\" data-widget_type=\"divider.default\">\n\t\t\t\t<div class=\"elementor-widget-container\">\n\t\t\t\t\t\t\t<div class=\"elementor-divider\">\n\t\t\t<span class=\"elementor-divider-separator\">\n\t\t\t\t\t\t<\/span>\n\t\t<\/div>\n\t\t\t\t\t\t<\/div>\n\t\t\t\t<\/div>\n\t\t\t\t<div class=\"elementor-element elementor-element-09eb271 elementor-widget elementor-widget-text-editor\" data-id=\"09eb271\" data-element_type=\"widget\" data-e-type=\"widget\" data-widget_type=\"text-editor.default\">\n\t\t\t\t<div class=\"elementor-widget-container\">\n\t\t\t\t\t\t\t\t\t<p>DORIS ENGINEERING et DOLFINES ont r\u00e9alis\u00e9 ensemble la conception de base et la conception d&rsquo;avant-projet d\u00e9taill\u00e9 (FEED) de la plate-forme de forage et de la plate-forme de forage. DOLFINES a envoy\u00e9 une \u00e9quipe d&rsquo;ing\u00e9nieurs int\u00e9gr\u00e9e pour travailler dans les bureaux de DORIS ENGINEERING. Une \u00e9quipe de soutien de DOLFINES a \u00e9galement \u00e9t\u00e9 envoy\u00e9e sur le chantier de HHI \u00e0 Ulsan, en Cor\u00e9e du Sud, pendant l&rsquo;ing\u00e9nierie d\u00e9taill\u00e9e.  <\/p>\n\t\t\t\t\t\t\t\t<\/div>\n\t\t\t\t<\/div>\n\t\t\t\t\t<\/div>\n\t\t\t\t<\/div>\n\t\t<div class=\"elementor-element elementor-element-e38449f e-flex e-con-boxed e-con e-parent\" data-id=\"e38449f\" data-element_type=\"container\" data-e-type=\"container\">\n\t\t\t\t\t<div class=\"e-con-inner\">\n\t\t\t\t<div class=\"elementor-element elementor-element-36c09aa elementor-widget elementor-widget-heading\" data-id=\"36c09aa\" data-element_type=\"widget\" data-e-type=\"widget\" data-widget_type=\"heading.default\">\n\t\t\t\t<div class=\"elementor-widget-container\">\n\t\t\t\t\t<h2 class=\"elementor-heading-title elementor-size-xl\">R\u00e9sultats du projet<\/h2>\t\t\t\t<\/div>\n\t\t\t\t<\/div>\n\t\t\t\t<div class=\"elementor-element elementor-element-547c1e8 elementor-widget-divider--view-line elementor-widget elementor-widget-divider\" data-id=\"547c1e8\" data-element_type=\"widget\" data-e-type=\"widget\" data-widget_type=\"divider.default\">\n\t\t\t\t<div class=\"elementor-widget-container\">\n\t\t\t\t\t\t\t<div class=\"elementor-divider\">\n\t\t\t<span class=\"elementor-divider-separator\">\n\t\t\t\t\t\t<\/span>\n\t\t<\/div>\n\t\t\t\t\t\t<\/div>\n\t\t\t\t<\/div>\n\t\t\t\t<div class=\"elementor-element elementor-element-f03eb04 elementor-widget elementor-widget-text-editor\" data-id=\"f03eb04\" data-element_type=\"widget\" data-e-type=\"widget\" data-widget_type=\"text-editor.default\">\n\t\t\t\t<div class=\"elementor-widget-container\">\n\t\t\t\t\t\t\t\t\t<p>La phase d&rsquo;ing\u00e9nierie s&rsquo;est d\u00e9roul\u00e9e de 2008 \u00e0 2010, en France et en Cor\u00e9e du Sud. Tous les documents d&rsquo;ing\u00e9nierie ont \u00e9t\u00e9 produits et remis au client pour l&rsquo;ing\u00e9nierie d\u00e9taill\u00e9e.<br \/>Le topside a \u00e9t\u00e9 fabriqu\u00e9 en Cor\u00e9e et a \u00e9t\u00e9 assembl\u00e9 avec succ\u00e8s au jacket en novembre 2012.<br \/>Le premier gaz a \u00e9t\u00e9 produit en juillet 2013.  <\/p>\n\t\t\t\t\t\t\t\t<\/div>\n\t\t\t\t<\/div>\n\t\t\t\t\t<\/div>\n\t\t\t\t<\/div>\n\t\t\t\t<\/div>\n\t\t","protected":false},"excerpt":{"rendered":"<p>D\u00e9couvrez ici les derni\u00e8res nouvelles, conf\u00e9rences et salons de Dolfines.<\/p>\n","protected":false},"author":2,"featured_media":31356,"parent":0,"menu_order":0,"comment_status":"closed","ping_status":"closed","template":"","meta":{"footnotes":""},"class_list":["post-33243","page","type-page","status-publish","has-post-thumbnail","hentry"],"jetpack_sharing_enabled":true,"_links":{"self":[{"href":"https:\/\/www.dolfines.com\/fr\/wp-json\/wp\/v2\/pages\/33243","targetHints":{"allow":["GET"]}}],"collection":[{"href":"https:\/\/www.dolfines.com\/fr\/wp-json\/wp\/v2\/pages"}],"about":[{"href":"https:\/\/www.dolfines.com\/fr\/wp-json\/wp\/v2\/types\/page"}],"author":[{"embeddable":true,"href":"https:\/\/www.dolfines.com\/fr\/wp-json\/wp\/v2\/users\/2"}],"replies":[{"embeddable":true,"href":"https:\/\/www.dolfines.com\/fr\/wp-json\/wp\/v2\/comments?post=33243"}],"version-history":[{"count":5,"href":"https:\/\/www.dolfines.com\/fr\/wp-json\/wp\/v2\/pages\/33243\/revisions"}],"predecessor-version":[{"id":33566,"href":"https:\/\/www.dolfines.com\/fr\/wp-json\/wp\/v2\/pages\/33243\/revisions\/33566"}],"wp:featuredmedia":[{"embeddable":true,"href":"https:\/\/www.dolfines.com\/fr\/wp-json\/wp\/v2\/media\/31356"}],"wp:attachment":[{"href":"https:\/\/www.dolfines.com\/fr\/wp-json\/wp\/v2\/media?parent=33243"}],"curies":[{"name":"wp","href":"https:\/\/api.w.org\/{rel}","templated":true}]}}