{"id":33341,"date":"2024-10-02T10:33:32","date_gmt":"2024-10-02T08:33:32","guid":{"rendered":"https:\/\/www.dolfines.com\/?page_id=33341"},"modified":"2024-10-03T11:12:12","modified_gmt":"2024-10-03T09:12:12","slug":"actualites-23","status":"publish","type":"page","link":"https:\/\/www.dolfines.com\/fr\/actualites-23\/","title":{"rendered":"Etude de cas &#8211; P\u00e9trole et gaz &#8211; CGG VERITAS"},"content":{"rendered":"\t\t<div data-elementor-type=\"wp-page\" data-elementor-id=\"33341\" class=\"elementor elementor-33341 elementor-33340\" data-elementor-post-type=\"page\">\n\t\t\t\t<div class=\"elementor-element elementor-element-362264f e-flex e-con-boxed e-con e-parent\" data-id=\"362264f\" data-element_type=\"container\" data-e-type=\"container\" data-settings=\"{&quot;background_background&quot;:&quot;classic&quot;}\">\n\t\t\t\t\t<div class=\"e-con-inner\">\n\t\t<div class=\"elementor-element elementor-element-7a2833f e-flex e-con-boxed e-con e-child\" data-id=\"7a2833f\" data-element_type=\"container\" data-e-type=\"container\">\n\t\t\t\t\t<div class=\"e-con-inner\">\n\t\t\t\t<div class=\"elementor-element elementor-element-ae63914 elementor-align-left elementor-widget elementor-widget-button\" data-id=\"ae63914\" data-element_type=\"widget\" data-e-type=\"widget\" data-widget_type=\"button.default\">\n\t\t\t\t<div class=\"elementor-widget-container\">\n\t\t\t\t\t\t\t\t\t<div class=\"elementor-button-wrapper\">\n\t\t\t\t\t<a class=\"elementor-button elementor-button-link elementor-size-sm\" href=\"https:\/\/www.dolfines.com\/fr\/actualites-2\/\">\n\t\t\t\t\t\t<span class=\"elementor-button-content-wrapper\">\n\t\t\t\t\t\t<span class=\"elementor-button-icon\">\n\t\t\t\t<svg aria-hidden=\"true\" class=\"e-font-icon-svg e-far-arrow-alt-circle-left\" viewBox=\"0 0 512 512\" xmlns=\"http:\/\/www.w3.org\/2000\/svg\"><path d=\"M8 256c0 137 111 248 248 248s248-111 248-248S393 8 256 8 8 119 8 256zm448 0c0 110.5-89.5 200-200 200S56 366.5 56 256 145.5 56 256 56s200 89.5 200 200zm-72-20v40c0 6.6-5.4 12-12 12H256v67c0 10.7-12.9 16-20.5 8.5l-99-99c-4.7-4.7-4.7-12.3 0-17l99-99c7.6-7.6 20.5-2.2 20.5 8.5v67h116c6.6 0 12 5.4 12 12z\"><\/path><\/svg>\t\t\t<\/span>\n\t\t\t\t\t\t\t\t\t<span class=\"elementor-button-text\">Retour aux \u00e9tudes de cas<\/span>\n\t\t\t\t\t<\/span>\n\t\t\t\t\t<\/a>\n\t\t\t\t<\/div>\n\t\t\t\t\t\t\t\t<\/div>\n\t\t\t\t<\/div>\n\t\t\t\t<div class=\"elementor-element elementor-element-c9d433e elementor-widget elementor-widget-text-editor\" data-id=\"c9d433e\" data-element_type=\"widget\" data-e-type=\"widget\" data-widget_type=\"text-editor.default\">\n\t\t\t\t<div class=\"elementor-widget-container\">\n\t\t\t\t\t\t\t\t\t<p>NOS PROJETS &#8211; \u00c9TUDE DE CAS &#8211; P\u00e9trole et gaz<\/p>\n\t\t\t\t\t\t\t\t<\/div>\n\t\t\t\t<\/div>\n\t\t\t\t<div class=\"elementor-element elementor-element-563b07f elementor-widget__width-initial elementor-widget elementor-widget-heading\" data-id=\"563b07f\" data-element_type=\"widget\" data-e-type=\"widget\" data-widget_type=\"heading.default\">\n\t\t\t\t<div class=\"elementor-widget-container\">\n\t\t\t\t\t<h1 class=\"elementor-heading-title elementor-size-default\">CGG VERITAS<\/h1>\t\t\t\t<\/div>\n\t\t\t\t<\/div>\n\t\t\t\t<div class=\"elementor-element elementor-element-770f867 elementor-widget-divider--view-line elementor-widget elementor-widget-divider\" data-id=\"770f867\" data-element_type=\"widget\" data-e-type=\"widget\" data-widget_type=\"divider.default\">\n\t\t\t\t<div class=\"elementor-widget-container\">\n\t\t\t\t\t\t\t<div class=\"elementor-divider\">\n\t\t\t<span class=\"elementor-divider-separator\">\n\t\t\t\t\t\t<\/span>\n\t\t<\/div>\n\t\t\t\t\t\t<\/div>\n\t\t\t\t<\/div>\n\t\t\t\t\t<\/div>\n\t\t\t\t<\/div>\n\t\t\t\t\t<\/div>\n\t\t\t\t<\/div>\n\t\t<div class=\"elementor-element elementor-element-70d0c52 e-flex e-con-boxed e-con e-parent\" data-id=\"70d0c52\" data-element_type=\"container\" data-e-type=\"container\">\n\t\t\t\t\t<div class=\"e-con-inner\">\n\t\t\t\t<div class=\"elementor-element elementor-element-d3f93ba elementor-widget elementor-widget-heading\" data-id=\"d3f93ba\" data-element_type=\"widget\" data-e-type=\"widget\" data-widget_type=\"heading.default\">\n\t\t\t\t<div class=\"elementor-widget-container\">\n\t\t\t\t\t<h2 class=\"elementor-heading-title elementor-size-xl\">D\u00c9TAILS<\/h2>\t\t\t\t<\/div>\n\t\t\t\t<\/div>\n\t\t\t\t<div class=\"elementor-element elementor-element-e1af047 elementor-widget-divider--view-line elementor-widget elementor-widget-divider\" data-id=\"e1af047\" data-element_type=\"widget\" data-e-type=\"widget\" data-widget_type=\"divider.default\">\n\t\t\t\t<div class=\"elementor-widget-container\">\n\t\t\t\t\t\t\t<div class=\"elementor-divider\">\n\t\t\t<span class=\"elementor-divider-separator\">\n\t\t\t\t\t\t<\/span>\n\t\t<\/div>\n\t\t\t\t\t\t<\/div>\n\t\t\t\t<\/div>\n\t\t\t\t<div class=\"elementor-element elementor-element-8c5eea5 elementor-widget elementor-widget-text-editor\" data-id=\"8c5eea5\" data-element_type=\"widget\" data-e-type=\"widget\" data-widget_type=\"text-editor.default\">\n\t\t\t\t<div class=\"elementor-widget-container\">\n\t\t\t\t\t\t\t\t\t<p><strong>Nom du client :<\/strong> CGG VERITAS<br \/><strong>Nom du projet :<\/strong> Seismovie<br \/><strong>Dur\u00e9e :<\/strong> 80 man-days<\/p>\n\t\t\t\t\t\t\t\t<\/div>\n\t\t\t\t<\/div>\n\t\t\t\t\t<\/div>\n\t\t\t\t<\/div>\n\t\t<div class=\"elementor-element elementor-element-849973d e-flex e-con-boxed e-con e-parent\" data-id=\"849973d\" data-element_type=\"container\" data-e-type=\"container\">\n\t\t\t\t\t<div class=\"e-con-inner\">\n\t\t\t\t<div class=\"elementor-element elementor-element-ae57df2 elementor-widget elementor-widget-heading\" data-id=\"ae57df2\" data-element_type=\"widget\" data-e-type=\"widget\" data-widget_type=\"heading.default\">\n\t\t\t\t<div class=\"elementor-widget-container\">\n\t\t\t\t\t<h2 class=\"elementor-heading-title elementor-size-xl\">Description du projet<\/h2>\t\t\t\t<\/div>\n\t\t\t\t<\/div>\n\t\t\t\t<div class=\"elementor-element elementor-element-1c28b41 elementor-widget-divider--view-line elementor-widget elementor-widget-divider\" data-id=\"1c28b41\" data-element_type=\"widget\" data-e-type=\"widget\" data-widget_type=\"divider.default\">\n\t\t\t\t<div class=\"elementor-widget-container\">\n\t\t\t\t\t\t\t<div class=\"elementor-divider\">\n\t\t\t<span class=\"elementor-divider-separator\">\n\t\t\t\t\t\t<\/span>\n\t\t<\/div>\n\t\t\t\t\t\t<\/div>\n\t\t\t\t<\/div>\n\t\t\t\t<div class=\"elementor-element elementor-element-2297c1b elementor-widget elementor-widget-text-editor\" data-id=\"2297c1b\" data-element_type=\"widget\" data-e-type=\"widget\" data-widget_type=\"text-editor.default\">\n\t\t\t\t<div class=\"elementor-widget-container\">\n\t\t\t\t\t\t\t\t\t<p>CGG VERITAS \u00e9tudie la possibilit\u00e9 de d\u00e9ployer une s\u00e9rie de capteurs sismiques par le biais d&rsquo;un forage horizontal au lieu d&rsquo;un forage vertical o\u00f9 les capteurs sont install\u00e9s un par un. L&rsquo;id\u00e9e est de remplacer plusieurs puits de forage verticaux \u00e0 cette profondeur par un trou horizontal dans lequel les capteurs seront install\u00e9s. Le projet s&rsquo;appelle Seismovie.  <\/p>\n<p>CGG VERITAS a demand\u00e9 \u00e0 DOLFINES de r\u00e9aliser une \u00e9tude conceptuelle. L&rsquo;objectif est de voir comment forer un puits horizontal \u00e0 une profondeur allant de 10 \u00e0 100 m\u00e8tres sur une distance de 0,5 \u00e0 2 kilom\u00e8tres, et de comparer le prix et le planning d&rsquo;une telle op\u00e9ration \u00e0 un forage vertical. <\/p>\n\t\t\t\t\t\t\t\t<\/div>\n\t\t\t\t<\/div>\n\t\t\t\t\t<\/div>\n\t\t\t\t<\/div>\n\t\t<div class=\"elementor-element elementor-element-0ec1ac1 e-flex e-con-boxed e-con e-parent\" data-id=\"0ec1ac1\" data-element_type=\"container\" data-e-type=\"container\">\n\t\t\t\t\t<div class=\"e-con-inner\">\n\t\t\t\t<div class=\"elementor-element elementor-element-095db21 elementor-widget elementor-widget-heading\" data-id=\"095db21\" data-element_type=\"widget\" data-e-type=\"widget\" data-widget_type=\"heading.default\">\n\t\t\t\t<div class=\"elementor-widget-container\">\n\t\t\t\t\t<h2 class=\"elementor-heading-title elementor-size-xl\">Activit\u00e9s \/ T\u00e2ches et Solutions d\u00e9velopp\u00e9es par Dolfines<\/h2>\t\t\t\t<\/div>\n\t\t\t\t<\/div>\n\t\t\t\t<div class=\"elementor-element elementor-element-0845b77 elementor-widget-divider--view-line elementor-widget elementor-widget-divider\" data-id=\"0845b77\" data-element_type=\"widget\" data-e-type=\"widget\" data-widget_type=\"divider.default\">\n\t\t\t\t<div class=\"elementor-widget-container\">\n\t\t\t\t\t\t\t<div class=\"elementor-divider\">\n\t\t\t<span class=\"elementor-divider-separator\">\n\t\t\t\t\t\t<\/span>\n\t\t<\/div>\n\t\t\t\t\t\t<\/div>\n\t\t\t\t<\/div>\n\t\t\t\t<div class=\"elementor-element elementor-element-09eb271 elementor-widget elementor-widget-text-editor\" data-id=\"09eb271\" data-element_type=\"widget\" data-e-type=\"widget\" data-widget_type=\"text-editor.default\">\n\t\t\t\t<div class=\"elementor-widget-container\">\n\t\t\t\t\t\t\t\t\t<p><strong>Phase 1 : Engineering<\/strong><br \/>Il d\u00e9finit les sp\u00e9cifications et les phases op\u00e9rationnelles de l&rsquo;ensemble des travaux : \u00e9tude de fonctionnement du rig et de la boue, \u00e9tude du tubage, phases op\u00e9rationnelles, pr\u00e9paration et int\u00e9gration du streamer (incluant les notes de calcul du streamer, la composition des \u00e9l\u00e9ments, l&rsquo;am\u00e9nagement du site de forage (incluant le g\u00e9nie civil, l&#8217;emprise au sol des \u00e9quipements, les lignes de forage et le chemin d&rsquo;acc\u00e8s, etc&#8230;).<\/p>\n<p><strong>Phase 2 : La proc\u00e9dure de procurement <\/strong><br \/>L&rsquo;\u00e9tude de prix permet d&rsquo;estimer le co\u00fbt des mat\u00e9riaux et de l&rsquo;\u00e9quipement n\u00e9cessaires \u00e0 la r\u00e9alisation du projet.<\/p>\n<p><strong>Phase 3 : Op\u00e9rations<\/strong><br \/>Cette phase consiste \u00e0 forer le puits, \u00e0 installer le tubage et \u00e0 mettre en place le streamer. Ces op\u00e9rations sont divis\u00e9es en cinq phases : d\u00e9placement de l&rsquo;appareil de forage et logistique, installation de l&rsquo;\u00e9quipement, forage du trou pilote, al\u00e9sage arri\u00e8re et installation du tubage, installation du streamer dans le tubage du puits.<br \/>Dolfines a particip\u00e9 \u00e0 ces op\u00e9rations r\u00e9alis\u00e9es par un entrepreneur local. <\/p>\n\t\t\t\t\t\t\t\t<\/div>\n\t\t\t\t<\/div>\n\t\t\t\t\t<\/div>\n\t\t\t\t<\/div>\n\t\t<div class=\"elementor-element elementor-element-e38449f e-flex e-con-boxed e-con e-parent\" data-id=\"e38449f\" data-element_type=\"container\" data-e-type=\"container\">\n\t\t\t\t\t<div class=\"e-con-inner\">\n\t\t\t\t<div class=\"elementor-element elementor-element-36c09aa elementor-widget elementor-widget-heading\" data-id=\"36c09aa\" data-element_type=\"widget\" data-e-type=\"widget\" data-widget_type=\"heading.default\">\n\t\t\t\t<div class=\"elementor-widget-container\">\n\t\t\t\t\t<h2 class=\"elementor-heading-title elementor-size-xl\">R\u00e9sultats du projet<\/h2>\t\t\t\t<\/div>\n\t\t\t\t<\/div>\n\t\t\t\t<div class=\"elementor-element elementor-element-547c1e8 elementor-widget-divider--view-line elementor-widget elementor-widget-divider\" data-id=\"547c1e8\" data-element_type=\"widget\" data-e-type=\"widget\" data-widget_type=\"divider.default\">\n\t\t\t\t<div class=\"elementor-widget-container\">\n\t\t\t\t\t\t\t<div class=\"elementor-divider\">\n\t\t\t<span class=\"elementor-divider-separator\">\n\t\t\t\t\t\t<\/span>\n\t\t<\/div>\n\t\t\t\t\t\t<\/div>\n\t\t\t\t<\/div>\n\t\t\t\t<div class=\"elementor-element elementor-element-f03eb04 elementor-widget elementor-widget-text-editor\" data-id=\"f03eb04\" data-element_type=\"widget\" data-e-type=\"widget\" data-widget_type=\"text-editor.default\">\n\t\t\t\t<div class=\"elementor-widget-container\">\n\t\t\t\t\t\t\t\t\t<p>CGG Veritas a d\u00e9ploy\u00e9 le streamer aux Pays-Bas par le biais de ce processus en tant que projet pilote.<\/p>\n\t\t\t\t\t\t\t\t<\/div>\n\t\t\t\t<\/div>\n\t\t\t\t\t<\/div>\n\t\t\t\t<\/div>\n\t\t\t\t<\/div>\n\t\t","protected":false},"excerpt":{"rendered":"<p>D\u00e9couvrez ici les derni\u00e8res nouvelles, conf\u00e9rences et salons de Dolfines.<\/p>\n","protected":false},"author":2,"featured_media":31356,"parent":0,"menu_order":0,"comment_status":"closed","ping_status":"closed","template":"","meta":{"footnotes":""},"class_list":["post-33341","page","type-page","status-publish","has-post-thumbnail","hentry"],"jetpack_sharing_enabled":true,"_links":{"self":[{"href":"https:\/\/www.dolfines.com\/fr\/wp-json\/wp\/v2\/pages\/33341","targetHints":{"allow":["GET"]}}],"collection":[{"href":"https:\/\/www.dolfines.com\/fr\/wp-json\/wp\/v2\/pages"}],"about":[{"href":"https:\/\/www.dolfines.com\/fr\/wp-json\/wp\/v2\/types\/page"}],"author":[{"embeddable":true,"href":"https:\/\/www.dolfines.com\/fr\/wp-json\/wp\/v2\/users\/2"}],"replies":[{"embeddable":true,"href":"https:\/\/www.dolfines.com\/fr\/wp-json\/wp\/v2\/comments?post=33341"}],"version-history":[{"count":5,"href":"https:\/\/www.dolfines.com\/fr\/wp-json\/wp\/v2\/pages\/33341\/revisions"}],"predecessor-version":[{"id":33526,"href":"https:\/\/www.dolfines.com\/fr\/wp-json\/wp\/v2\/pages\/33341\/revisions\/33526"}],"wp:featuredmedia":[{"embeddable":true,"href":"https:\/\/www.dolfines.com\/fr\/wp-json\/wp\/v2\/media\/31356"}],"wp:attachment":[{"href":"https:\/\/www.dolfines.com\/fr\/wp-json\/wp\/v2\/media?parent=33341"}],"curies":[{"name":"wp","href":"https:\/\/api.w.org\/{rel}","templated":true}]}}