{"id":34574,"date":"2025-03-07T16:03:43","date_gmt":"2025-03-07T15:03:43","guid":{"rendered":"https:\/\/www.dolfines.com\/?page_id=34574"},"modified":"2025-03-10T09:27:08","modified_gmt":"2025-03-10T08:27:08","slug":"legal","status":"publish","type":"page","link":"https:\/\/www.dolfines.com\/fr\/legal\/","title":{"rendered":"Donn\u00e9es personnelles"},"content":{"rendered":"\t\t<div data-elementor-type=\"wp-page\" data-elementor-id=\"34574\" class=\"elementor elementor-34574 elementor-34573\" data-elementor-post-type=\"page\">\n\t\t\t\t<div class=\"elementor-element elementor-element-b6f2e92 e-flex e-con-boxed e-con e-parent\" data-id=\"b6f2e92\" data-element_type=\"container\" data-e-type=\"container\" data-settings=\"{&quot;background_background&quot;:&quot;classic&quot;}\">\n\t\t\t\t\t<div class=\"e-con-inner\">\n\t\t<div class=\"elementor-element elementor-element-78265ca e-flex e-con-boxed e-con e-child\" data-id=\"78265ca\" data-element_type=\"container\" data-e-type=\"container\">\n\t\t\t\t\t<div class=\"e-con-inner\">\n\t\t\t\t<div class=\"elementor-element elementor-element-370b068 elementor-widget elementor-widget-text-editor\" data-id=\"370b068\" data-element_type=\"widget\" data-e-type=\"widget\" data-widget_type=\"text-editor.default\">\n\t\t\t\t<div class=\"elementor-widget-container\">\n\t\t\t\t\t\t\t\t\t<p>L\u00e9gal<\/p>\n\t\t\t\t\t\t\t\t<\/div>\n\t\t\t\t<\/div>\n\t\t\t\t<div class=\"elementor-element elementor-element-f5db060 elementor-widget__width-initial elementor-widget elementor-widget-heading\" data-id=\"f5db060\" data-element_type=\"widget\" data-e-type=\"widget\" data-widget_type=\"heading.default\">\n\t\t\t\t<div class=\"elementor-widget-container\">\n\t\t\t\t\t<h1 class=\"elementor-heading-title elementor-size-default\">DONN\u00c9ES PERSONNELLES<\/h1>\t\t\t\t<\/div>\n\t\t\t\t<\/div>\n\t\t\t\t\t<\/div>\n\t\t\t\t<\/div>\n\t\t\t\t\t<\/div>\n\t\t\t\t<\/div>\n\t\t<div class=\"elementor-element elementor-element-b6d9de9 e-flex e-con-boxed e-con e-parent\" data-id=\"b6d9de9\" data-element_type=\"container\" data-e-type=\"container\">\n\t\t\t\t\t<div class=\"e-con-inner\">\n\t\t\t\t<div class=\"elementor-element elementor-element-c320b66 elementor-widget elementor-widget-heading\" data-id=\"c320b66\" data-element_type=\"widget\" data-e-type=\"widget\" data-widget_type=\"heading.default\">\n\t\t\t\t<div class=\"elementor-widget-container\">\n\t\t\t\t\t<h2 class=\"elementor-heading-title elementor-size-default\">Politique de confidentialit\u00e9 et de protection des donn\u00e9es personnelles<\/h2>\t\t\t\t<\/div>\n\t\t\t\t<\/div>\n\t\t\t\t<div class=\"elementor-element elementor-element-d998ee2 elementor-widget elementor-widget-text-editor\" data-id=\"d998ee2\" data-element_type=\"widget\" data-e-type=\"widget\" data-widget_type=\"text-editor.default\">\n\t\t\t\t<div class=\"elementor-widget-container\">\n\t\t\t\t\t\t\t\t\t<p><strong>La soci\u00e9t\u00e9 Dolfines SA et ses filiales (8.2 France, Aegide International, etc) s\u2019engagent \u00e0 respecter et \u00e0 prot\u00e9ger vos informations personnelles.<\/strong><\/p>\n\t\t\t\t\t\t\t\t<\/div>\n\t\t\t\t<\/div>\n\t\t\t\t<div class=\"elementor-element elementor-element-3ab48be elementor-widget elementor-widget-text-editor\" data-id=\"3ab48be\" data-element_type=\"widget\" data-e-type=\"widget\" data-widget_type=\"text-editor.default\">\n\t\t\t\t<div class=\"elementor-widget-container\">\n\t\t\t\t\t\t\t\t\t<p>Dans le cadre de son fonctionnement interne et de ses activit\u00e9s, Dolfines SA et ses filiales peuvent \u00eatre amen\u00e9es \u00e0 collecter ou prendre connaissance d\u2019informations consid\u00e9r\u00e9es pour certaines comme personnelles au sens du R\u00e8glement G\u00e9n\u00e9ral sur la Protection des Donn\u00e9es.<br \/><a href=\"https:\/\/eur-lex.europa.eu\/legal-content\/FR\/TXT\/?uri=CELEX%3A32016R0679\" target=\"_blank\" rel=\"noopener\">https:\/\/eur-lex.europa.eu\/legal-content\/FR\/TXT\/?uri=CELEX%3A32016R0679<\/a><br \/><a href=\"https:\/\/www.cnil.fr\/fr\/reglement-europeen-protection-donnees\" target=\"_blank\" rel=\"noopener\">https:\/\/www.cnil.fr\/fr\/reglement-europeen-protection-donnees<\/a><\/p>\n<p>Ces informations dites personnelles sont principalement : nom et pr\u00e9nom, adresses courriel personnelles et\/ou professionnelles, num\u00e9ros de t\u00e9l\u00e9phone, adresses postales, num\u00e9ros de carte d\u2019identit\u00e9 ou passeport, num\u00e9ro de s\u00e9curit\u00e9 sociale, num\u00e9ro de carte de programme fid\u00e9lit\u00e9 (SNCF, Air France\u2026), donn\u00e9es m\u00e9dicales g\u00e9n\u00e9ralistes (aptitudes ou restrictions), analyses et r\u00e9sultats d\u2019investigation d\u2019accident (t\u00e9moignages, types de blessures\u2026), entretiens professionnels, certificats et qualifications professionnels, cette liste n\u2019\u00e9tant pas exhaustive.<br \/> https:\/\/www.cnil.fr\/fr\/definition\/donnee-personnelle <a href=\"https:\/\/www.cnil.fr\/fr\/definition\/donnee-personnelle\" target=\"_blank\" rel=\"noopener\">https:\/\/www.cnil.fr\/fr\/definition\/donnee-personnelle<\/a><\/p>\n\t\t\t\t\t\t\t\t<\/div>\n\t\t\t\t<\/div>\n\t\t\t\t<div class=\"elementor-element elementor-element-0cbff62 elementor-widget elementor-widget-text-editor\" data-id=\"0cbff62\" data-element_type=\"widget\" data-e-type=\"widget\" data-widget_type=\"text-editor.default\">\n\t\t\t\t<div class=\"elementor-widget-container\">\n\t\t\t\t\t\t\t\t\t<p>Dolfines SA et ses filiales s\u2019engagent \u00e0 respecter vos informations personnelles.<\/p>\n<p>A cet effet, nous appliquons les principes suivants :<\/p>\n<ul>\n<li>Aucun commerce ou diffusion arbitraire de vos donn\u00e9es personnelles,<\/li>\n<li>D\u00e9mat\u00e9rialisation afin de limiter et ma\u00eetriser la circulation de documents papier,<\/li>\n<li>Communication pr\u00e9alable de la pr\u00e9sente politique \u00e0 l\u2019ensemble de ses salari\u00e9s,<\/li>\n<li>Communication pr\u00e9alable de la pr\u00e9sente politique aux entreprises dans lesquelles Dolfines SA et ses filiales interviennent. Elle invite au travers de celle-ci, la Direction de l\u2019entreprise \u00e0 s\u2019assurer aupr\u00e8s de ses collaborateurs de leur accord de mise \u00e0 disposition des donn\u00e9es personnelles, <\/li>\n<li>Signature d\u2019un accord de confidentialit\u00e9 entre Dolfines SA et ses filiales et les consultants intervenant dans l\u2019entreprise,<\/li>\n<li>Application de r\u00e8gles de conservation des donn\u00e9es personnelles des entreprises, dans un espace s\u00e9curis\u00e9,<\/li>\n<li>Communication pr\u00e9alable de notre politique de protection des donn\u00e9es d\u00e9di\u00e9e \u00e0 nos actions formations lors de leur demande d\u2019inscription,<\/li>\n<li>Conservation de ces donn\u00e9es sur une p\u00e9riode ne pouvant exc\u00e9der 3 ans, apr\u00e8s quoi ces donn\u00e9es seront d\u00e9truites,<\/li>\n<li>Prise en compte de votre droit de suppression des donn\u00e9es.<\/li>\n<\/ul>\n<p>Dolfines SA et ses filiales s\u2019engagent \u00e0 prot\u00e9ger vos informations personnelles, \u00e0 emp\u00eacher leur endommagement, effacement ou acc\u00e8s par des tiers non autoris\u00e9s.<br \/>A cet effet, nous d\u00e9ployons et maintenons les moyens suivants :<\/p>\n<ul>\n<li>Acc\u00e8s s\u00e9curis\u00e9 \u00e0 nos locaux<\/li>\n<li>Acc\u00e8s informatiques s\u00e9curis\u00e9s par mots de passe, anti-virus<\/li>\n<\/ul>\n\t\t\t\t\t\t\t\t<\/div>\n\t\t\t\t<\/div>\n\t\t\t\t<div class=\"elementor-element elementor-element-7faec87 elementor-widget elementor-widget-heading\" data-id=\"7faec87\" data-element_type=\"widget\" data-e-type=\"widget\" data-widget_type=\"heading.default\">\n\t\t\t\t<div class=\"elementor-widget-container\">\n\t\t\t\t\t<h2 class=\"elementor-heading-title elementor-size-default\">A quoi nous servent vos donn\u00e9es personnelles ?<\/h2>\t\t\t\t<\/div>\n\t\t\t\t<\/div>\n\t\t\t\t<div class=\"elementor-element elementor-element-83faa90 elementor-widget elementor-widget-text-editor\" data-id=\"83faa90\" data-element_type=\"widget\" data-e-type=\"widget\" data-widget_type=\"text-editor.default\">\n\t\t\t\t<div class=\"elementor-widget-container\">\n\t\t\t\t\t\t\t\t\t<p>Dans le cadre de notre fonctionnement interne, ces donn\u00e9es nous servent \u00e0 l\u2019administration du personnel au sens large depuis le recrutement d\u2019un salari\u00e9 jusqu\u2019\u00e0 la fin d\u2019un contrat en passant par la gestion de la paie, l\u2019adh\u00e9sion \u00e0 l\u2019assurance compl\u00e9mentaire sant\u00e9 mais aussi \u00e0 l\u2019organisation des d\u00e9placements professionnels.<br \/>Dans le cadre de nos activit\u00e9s de formation, vos donn\u00e9es personnelles nous servent \u00e0 l\u2019administration de formation, de l\u2019\u00e9mission d\u2019un devis \u00e0 l\u2019\u00e9mission d\u2019un certificat en passant par votre inscription\u2026<br \/>Dans le cadre de nos autres activit\u00e9s li\u00e9es au domaine du QHSE, vos donn\u00e9es personnelles nous servent \u00e0 l\u2019\u00e9mission d\u2019une offre technico-commerciale, \u00e0 l\u2019\u00e9tablissement d\u2019un contrat de prestations, d\u2019un contrat de partenariat, \u00e0 l\u2019organisation de d\u00e9placements professionnels et parfois de preuves de conformit\u00e9 \u00e0 une exigence lors d\u2019un audit.<\/p>\n\t\t\t\t\t\t\t\t<\/div>\n\t\t\t\t<\/div>\n\t\t\t\t<div class=\"elementor-element elementor-element-7709879 elementor-widget elementor-widget-heading\" data-id=\"7709879\" data-element_type=\"widget\" data-e-type=\"widget\" data-widget_type=\"heading.default\">\n\t\t\t\t<div class=\"elementor-widget-container\">\n\t\t\t\t\t<h2 class=\"elementor-heading-title elementor-size-default\">A qui sommes-nous amen\u00e9s de transmettre vos donn\u00e9es personnelles ?<\/h2>\t\t\t\t<\/div>\n\t\t\t\t<\/div>\n\t\t\t\t<div class=\"elementor-element elementor-element-4b7e91c elementor-widget elementor-widget-text-editor\" data-id=\"4b7e91c\" data-element_type=\"widget\" data-e-type=\"widget\" data-widget_type=\"text-editor.default\">\n\t\t\t\t<div class=\"elementor-widget-container\">\n\t\t\t\t\t\t\t\t\t<p>Dans le cadre de notre fonctionnement interne, ces donn\u00e9es nous servent \u00e0 l\u2019administration du personnel au sens large depuis le recrutement d\u2019un salari\u00e9 jusqu\u2019\u00e0 la fin d\u2019un contrat en passant par la gestion de la paie, l\u2019adh\u00e9sion \u00e0 l\u2019assurance compl\u00e9mentaire sant\u00e9 mais aussi \u00e0 l\u2019organisation des d\u00e9placements professionnels.<br \/>Dans le cadre de nos activit\u00e9s de formation, vos donn\u00e9es personnelles nous servent \u00e0 l\u2019administration de formation, de l\u2019\u00e9mission d\u2019un devis \u00e0 l\u2019\u00e9mission d\u2019un certificat en passant par votre inscription\u2026<br \/>Dans le cadre de nos autres activit\u00e9s li\u00e9es au domaine du QHSE, vos donn\u00e9es personnelles nous servent \u00e0 l\u2019\u00e9mission d\u2019une offre technico-commerciale, \u00e0 l\u2019\u00e9tablissement d\u2019un contrat de prestations, d\u2019un contrat de partenariat, \u00e0 l\u2019organisation de d\u00e9placements professionnels et parfois de preuves de conformit\u00e9 \u00e0 une exigence lors d\u2019un audit.<\/p>\n\t\t\t\t\t\t\t\t<\/div>\n\t\t\t\t<\/div>\n\t\t\t\t<div class=\"elementor-element elementor-element-e213773 elementor-widget elementor-widget-text-editor\" data-id=\"e213773\" data-element_type=\"widget\" data-e-type=\"widget\" data-widget_type=\"text-editor.default\">\n\t\t\t\t<div class=\"elementor-widget-container\">\n\t\t\t\t\t\t\t\t\t<p>Conform\u00e9ment \u00e0 la loi \u00ab informatique et libert\u00e9s \u00bb du 6 janvier 1978 modifi\u00e9e et au R\u00e8glement europ\u00e9en n\u00b02016\/679\/UE du 27 avril 2016 (applicable d\u00e8s le 25 mai 2018), vous b\u00e9n\u00e9ficiez d\u2019un droit d\u2019acc\u00e8s, de rectification, de portabilit\u00e9 et d\u2019effacement de vos donn\u00e9es ou encore de limitation du traitement. Vous pouvez \u00e9galement, pour des motifs l\u00e9gitimes, vous opposer au traitement des donn\u00e9es vous concernant. Vous pouvez, sous r\u00e9serve de la production d\u2019un justificatif d\u2019identit\u00e9 valide, exercer vos droits en contactant qualite@dolfines.com  <\/p>\n<p>Pour toute information compl\u00e9mentaire ou r\u00e9clamation, vous pouvez contacter la Commission Nationale de l\u2019Informatique et des Libert\u00e9s (plus d\u2019informations sur www.cnil.fr).<\/p>\n\t\t\t\t\t\t\t\t<\/div>\n\t\t\t\t<\/div>\n\t\t\t\t<div class=\"elementor-element elementor-element-9512e1a elementor-widget elementor-widget-text-editor\" data-id=\"9512e1a\" data-element_type=\"widget\" data-e-type=\"widget\" data-widget_type=\"text-editor.default\">\n\t\t\t\t<div class=\"elementor-widget-container\">\n\t\t\t\t\t\t\t\t\t<p><span style=\"text-decoration: underline;\">DPO (Data Protection Officer)<\/span><br \/>4 rue du Tri Postal \u2013 33800 BORDEAUX \u2013 France \u2013 <a href=\"mailto:dpo@dolfines.com\">dpo@dolfines.com<\/a><br \/>12 avenue des Pr\u00e9s \u2013 78180 MONTIGNY LE BRETONNEUX \u2013 France<\/p>\n\t\t\t\t\t\t\t\t<\/div>\n\t\t\t\t<\/div>\n\t\t\t\t\t<\/div>\n\t\t\t\t<\/div>\n\t\t\t\t<\/div>\n\t\t","protected":false},"excerpt":{"rendered":"<p>Personal Data Policy<\/p>\n","protected":false},"author":2,"featured_media":0,"parent":0,"menu_order":0,"comment_status":"closed","ping_status":"closed","template":"","meta":{"footnotes":""},"class_list":["post-34574","page","type-page","status-publish","hentry"],"jetpack_sharing_enabled":true,"_links":{"self":[{"href":"https:\/\/www.dolfines.com\/fr\/wp-json\/wp\/v2\/pages\/34574","targetHints":{"allow":["GET"]}}],"collection":[{"href":"https:\/\/www.dolfines.com\/fr\/wp-json\/wp\/v2\/pages"}],"about":[{"href":"https:\/\/www.dolfines.com\/fr\/wp-json\/wp\/v2\/types\/page"}],"author":[{"embeddable":true,"href":"https:\/\/www.dolfines.com\/fr\/wp-json\/wp\/v2\/users\/2"}],"replies":[{"embeddable":true,"href":"https:\/\/www.dolfines.com\/fr\/wp-json\/wp\/v2\/comments?post=34574"}],"version-history":[{"count":8,"href":"https:\/\/www.dolfines.com\/fr\/wp-json\/wp\/v2\/pages\/34574\/revisions"}],"predecessor-version":[{"id":34597,"href":"https:\/\/www.dolfines.com\/fr\/wp-json\/wp\/v2\/pages\/34574\/revisions\/34597"}],"wp:attachment":[{"href":"https:\/\/www.dolfines.com\/fr\/wp-json\/wp\/v2\/media?parent=34574"}],"curies":[{"name":"wp","href":"https:\/\/api.w.org\/{rel}","templated":true}]}}