{"id":37677,"date":"2025-10-28T09:55:10","date_gmt":"2025-10-28T08:55:10","guid":{"rendered":"https:\/\/www.dolfines.com\/systemes-de-gestion-de-la-maintenance-preventive\/"},"modified":"2025-12-03T12:05:25","modified_gmt":"2025-12-03T11:05:25","slug":"systemes-de-gestion-de-la-maintenance-preventive","status":"publish","type":"page","link":"https:\/\/www.dolfines.com\/fr\/systemes-de-gestion-de-la-maintenance-preventive\/","title":{"rendered":"Syst\u00e8mes de gestion de la maintenance pr\u00e9ventive"},"content":{"rendered":"\t\t<div data-elementor-type=\"wp-page\" data-elementor-id=\"37677\" class=\"elementor elementor-37677 elementor-36980\" data-elementor-post-type=\"page\">\n\t\t\t\t<div class=\"elementor-element elementor-element-e79cf56 e-flex e-con-boxed e-con e-parent\" data-id=\"e79cf56\" data-element_type=\"container\" data-e-type=\"container\" data-settings=\"{&quot;background_background&quot;:&quot;classic&quot;}\">\n\t\t\t\t\t<div class=\"e-con-inner\">\n\t\t<div class=\"elementor-element elementor-element-cfb42e2 e-flex e-con-boxed e-con e-child\" data-id=\"cfb42e2\" data-element_type=\"container\" data-e-type=\"container\">\n\t\t\t\t\t<div class=\"e-con-inner\">\n\t\t\t\t<div class=\"elementor-element elementor-element-9695d2e elementor-widget elementor-widget-text-editor\" data-id=\"9695d2e\" data-element_type=\"widget\" data-e-type=\"widget\" data-widget_type=\"text-editor.default\">\n\t\t\t\t<div class=\"elementor-widget-container\">\n\t\t\t\t\t\t\t\t\t<p>SERVICES D&rsquo;\u00c9VALUATION ET D&rsquo;AUDIT<\/p>\t\t\t\t\t\t\t\t<\/div>\n\t\t\t\t<\/div>\n\t\t\t\t<div class=\"elementor-element elementor-element-d43ee55 elementor-widget__width-initial elementor-widget elementor-widget-heading\" data-id=\"d43ee55\" data-element_type=\"widget\" data-e-type=\"widget\" data-widget_type=\"heading.default\">\n\t\t\t\t<div class=\"elementor-widget-container\">\n\t\t\t\t\t<h1 class=\"elementor-heading-title elementor-size-default\">Syst\u00e8mes de gestion de la maintenance pr\u00e9ventive (PMMS)<\/h1>\t\t\t\t<\/div>\n\t\t\t\t<\/div>\n\t\t\t\t<div class=\"elementor-element elementor-element-b3f0adc elementor-widget-divider--view-line elementor-widget elementor-widget-divider\" data-id=\"b3f0adc\" data-element_type=\"widget\" data-e-type=\"widget\" data-widget_type=\"divider.default\">\n\t\t\t\t<div class=\"elementor-widget-container\">\n\t\t\t\t\t\t\t<div class=\"elementor-divider\">\n\t\t\t<span class=\"elementor-divider-separator\">\n\t\t\t\t\t\t<\/span>\n\t\t<\/div>\n\t\t\t\t\t\t<\/div>\n\t\t\t\t<\/div>\n\t\t<div class=\"elementor-element elementor-element-8413e06 e-con-full e-flex e-con e-child\" data-id=\"8413e06\" data-element_type=\"container\" data-e-type=\"container\">\n\t\t\t\t<div class=\"elementor-element elementor-element-a339699 elementor-align-center elementor-widget-mobile__width-initial elementor-widget elementor-widget-button\" data-id=\"a339699\" data-element_type=\"widget\" data-e-type=\"widget\" data-widget_type=\"button.default\">\n\t\t\t\t<div class=\"elementor-widget-container\">\n\t\t\t\t\t\t\t\t\t<div class=\"elementor-button-wrapper\">\n\t\t\t\t\t<a class=\"elementor-button elementor-button-link elementor-size-sm\" href=\"#contact\">\n\t\t\t\t\t\t<span class=\"elementor-button-content-wrapper\">\n\t\t\t\t\t\t<span class=\"elementor-button-icon\">\n\t\t\t\t<svg aria-hidden=\"true\" class=\"e-font-icon-svg e-fas-envelope\" viewBox=\"0 0 512 512\" xmlns=\"http:\/\/www.w3.org\/2000\/svg\"><path d=\"M502.3 190.8c3.9-3.1 9.7-.2 9.7 4.7V400c0 26.5-21.5 48-48 48H48c-26.5 0-48-21.5-48-48V195.6c0-5 5.7-7.8 9.7-4.7 22.4 17.4 52.1 39.5 154.1 113.6 21.1 15.4 56.7 47.8 92.2 47.6 35.7.3 72-32.8 92.3-47.6 102-74.1 131.6-96.3 154-113.7zM256 320c23.2.4 56.6-29.2 73.4-41.4 132.7-96.3 142.8-104.7 173.4-128.7 5.8-4.5 9.2-11.5 9.2-18.9v-19c0-26.5-21.5-48-48-48H48C21.5 64 0 85.5 0 112v19c0 7.4 3.4 14.3 9.2 18.9 30.6 23.9 40.7 32.4 173.4 128.7 16.8 12.2 50.2 41.8 73.4 41.4z\"><\/path><\/svg>\t\t\t<\/span>\n\t\t\t\t\t\t\t\t\t<span class=\"elementor-button-text\">Posez une question \u00e0 nos experts<\/span>\n\t\t\t\t\t<\/span>\n\t\t\t\t\t<\/a>\n\t\t\t\t<\/div>\n\t\t\t\t\t\t\t\t<\/div>\n\t\t\t\t<\/div>\n\t\t\t\t<div class=\"elementor-element elementor-element-840b971 elementor-align-center elementor-widget elementor-widget-button\" data-id=\"840b971\" data-element_type=\"widget\" data-e-type=\"widget\" data-widget_type=\"button.default\">\n\t\t\t\t<div class=\"elementor-widget-container\">\n\t\t\t\t\t\t\t\t\t<div class=\"elementor-button-wrapper\">\n\t\t\t\t\t<a class=\"elementor-button elementor-button-link elementor-size-sm\" href=\"https:\/\/www.dolfines.com\/fr\/nous-contacter\/\">\n\t\t\t\t\t\t<span class=\"elementor-button-content-wrapper\">\n\t\t\t\t\t\t<span class=\"elementor-button-icon\">\n\t\t\t\t<svg aria-hidden=\"true\" class=\"e-font-icon-svg e-fas-arrow-alt-circle-right\" viewBox=\"0 0 512 512\" xmlns=\"http:\/\/www.w3.org\/2000\/svg\"><path d=\"M256 8c137 0 248 111 248 248S393 504 256 504 8 393 8 256 119 8 256 8zM140 300h116v70.9c0 10.7 13 16.1 20.5 8.5l114.3-114.9c4.7-4.7 4.7-12.2 0-16.9l-114.3-115c-7.6-7.6-20.5-2.2-20.5 8.5V212H140c-6.6 0-12 5.4-12 12v64c0 6.6 5.4 12 12 12z\"><\/path><\/svg>\t\t\t<\/span>\n\t\t\t\t\t\t\t\t\t<span class=\"elementor-button-text\">JE SOUHAITE \u00caTRE RAPPEL\u00c9<\/span>\n\t\t\t\t\t<\/span>\n\t\t\t\t\t<\/a>\n\t\t\t\t<\/div>\n\t\t\t\t\t\t\t\t<\/div>\n\t\t\t\t<\/div>\n\t\t\t\t<\/div>\n\t\t\t\t<div class=\"elementor-element elementor-element-025e4fb elementor-widget elementor-widget-menu-anchor\" data-id=\"025e4fb\" data-element_type=\"widget\" data-e-type=\"widget\" data-widget_type=\"menu-anchor.default\">\n\t\t\t\t<div class=\"elementor-widget-container\">\n\t\t\t\t\t\t\t<div class=\"elementor-menu-anchor\" id=\"more\"><\/div>\n\t\t\t\t\t\t<\/div>\n\t\t\t\t<\/div>\n\t\t\t\t\t<\/div>\n\t\t\t\t<\/div>\n\t\t\t\t\t<\/div>\n\t\t\t\t<\/div>\n\t\t<div class=\"elementor-element elementor-element-7480fa9 e-flex e-con-boxed e-con e-parent\" data-id=\"7480fa9\" data-element_type=\"container\" data-e-type=\"container\" data-settings=\"{&quot;background_background&quot;:&quot;classic&quot;}\">\n\t\t\t\t\t<div class=\"e-con-inner\">\n\t\t\t\t<div class=\"elementor-element elementor-element-343d174 elementor-widget elementor-widget-text-editor\" data-id=\"343d174\" data-element_type=\"widget\" data-e-type=\"widget\" data-widget_type=\"text-editor.default\">\n\t\t\t\t<div class=\"elementor-widget-container\">\n\t\t\t\t\t\t\t\t\t<p><a href=\"https:\/\/www.dolfines.com\/fr\/\">ACCUEIL<\/a> \u00bb <a href=\"https:\/\/www.dolfines.com\/fr\/systemes-de-management-des-operations\/\">GESTION DES OP\u00c9RATIONS<\/a> \u00bb SERVICES D&rsquo;\u00c9VALUATION ET D&rsquo;AUDIT \u00bb SYST\u00c8MES DE GESTION DE LA MAINTENANCE PR\u00c9VENTIVE<\/p>\t\t\t\t\t\t\t\t<\/div>\n\t\t\t\t<\/div>\n\t\t\t\t\t<\/div>\n\t\t\t\t<\/div>\n\t\t<div class=\"elementor-element elementor-element-b72b4b8 e-flex e-con-boxed e-con e-parent\" data-id=\"b72b4b8\" data-element_type=\"container\" data-e-type=\"container\" data-settings=\"{&quot;background_background&quot;:&quot;classic&quot;,&quot;motion_fx_motion_fx_scrolling&quot;:&quot;yes&quot;,&quot;motion_fx_devices&quot;:[&quot;desktop&quot;,&quot;laptop&quot;,&quot;tablet&quot;,&quot;mobile&quot;]}\">\n\t\t\t\t\t<div class=\"e-con-inner\">\n\t\t<div class=\"elementor-element elementor-element-7140f8c e-con-full e-flex e-con e-child\" data-id=\"7140f8c\" data-element_type=\"container\" data-e-type=\"container\" data-settings=\"{&quot;background_background&quot;:&quot;classic&quot;}\">\n\t\t\t\t<div class=\"elementor-element elementor-element-cb75fa5 elementor-widget elementor-widget-heading\" data-id=\"cb75fa5\" data-element_type=\"widget\" data-e-type=\"widget\" data-widget_type=\"heading.default\">\n\t\t\t\t<div class=\"elementor-widget-container\">\n\t\t\t\t\t<h2 class=\"elementor-heading-title elementor-size-default\">SYST\u00c8MES DE GESTION DE LA MAINTENANCE PR\u00c9VENTIVE<\/h2>\t\t\t\t<\/div>\n\t\t\t\t<\/div>\n\t\t\t\t<div class=\"elementor-element elementor-element-7aba556 elementor-widget__width-initial elementor-widget elementor-widget-heading\" data-id=\"7aba556\" data-element_type=\"widget\" data-e-type=\"widget\" data-widget_type=\"heading.default\">\n\t\t\t\t<div class=\"elementor-widget-container\">\n\t\t\t\t\t<h2 class=\"elementor-heading-title elementor-size-default\">DES RECOMMANDATIONS DES FABRICANTS D'\u00c9QUIPEMENTS AUX NORMES INDUSTRIELLES ET AUX PRATIQUES RECOMMAND\u00c9ES, EN PASSANT PAR LA MISE EN \u0152UVRE OP\u00c9RATIONNELLE<\/h2>\t\t\t\t<\/div>\n\t\t\t\t<\/div>\n\t\t\t\t<div class=\"elementor-element elementor-element-987da86 elementor-widget-divider--view-line elementor-widget elementor-widget-divider\" data-id=\"987da86\" data-element_type=\"widget\" data-e-type=\"widget\" data-widget_type=\"divider.default\">\n\t\t\t\t<div class=\"elementor-widget-container\">\n\t\t\t\t\t\t\t<div class=\"elementor-divider\">\n\t\t\t<span class=\"elementor-divider-separator\">\n\t\t\t\t\t\t<\/span>\n\t\t<\/div>\n\t\t\t\t\t\t<\/div>\n\t\t\t\t<\/div>\n\t\t\t\t<div class=\"elementor-element elementor-element-cedb948 elementor-widget elementor-widget-text-editor\" data-id=\"cedb948\" data-element_type=\"widget\" data-e-type=\"widget\" data-widget_type=\"text-editor.default\">\n\t\t\t\t<div class=\"elementor-widget-container\">\n\t\t\t\t\t\t\t\t\t<p>La mise en \u0153uvre de syst\u00e8mes de gestion de la maintenance pr\u00e9ventive sur les actifs, gr\u00e2ce \u00e0 des syst\u00e8mes informatis\u00e9s de gestion de la maintenance (CMMS), et le suivi de la maintenance pr\u00e9ventive effectu\u00e9e sont des \u00e9l\u00e9ments cl\u00e9s pour garantir l&rsquo;int\u00e9grit\u00e9 des actifs, des \u00e9quipements individuels et des structures, r\u00e9duire les temps d&rsquo;arr\u00eat non planifi\u00e9s et prolonger la dur\u00e9e de vie des actifs et de leurs composants, contribuant ainsi \u00e0 atteindre l&rsquo;excellence op\u00e9rationnelle.<\/p>\t\t\t\t\t\t\t\t<\/div>\n\t\t\t\t<\/div>\n\t\t\t\t<\/div>\n\t\t<div class=\"elementor-element elementor-element-56610d9 e-con-full e-flex e-con e-child\" data-id=\"56610d9\" data-element_type=\"container\" data-e-type=\"container\" data-settings=\"{&quot;background_background&quot;:&quot;classic&quot;}\">\n\t\t\t\t<div class=\"elementor-element elementor-element-fc375e3 elementor-widget elementor-widget-menu-anchor\" data-id=\"fc375e3\" data-element_type=\"widget\" data-e-type=\"widget\" data-widget_type=\"menu-anchor.default\">\n\t\t\t\t<div class=\"elementor-widget-container\">\n\t\t\t\t\t\t\t<div class=\"elementor-menu-anchor\" id=\"consult\"><\/div>\n\t\t\t\t\t\t<\/div>\n\t\t\t\t<\/div>\n\t\t\t\t<\/div>\n\t\t\t\t\t<\/div>\n\t\t\t\t<\/div>\n\t\t<div class=\"elementor-element elementor-element-9da6ddc e-flex e-con-boxed e-con e-parent\" data-id=\"9da6ddc\" data-element_type=\"container\" data-e-type=\"container\" data-settings=\"{&quot;background_background&quot;:&quot;classic&quot;}\">\n\t\t\t\t\t<div class=\"e-con-inner\">\n\t\t<div class=\"elementor-element elementor-element-52af5fc e-con-full e-flex e-con e-child\" data-id=\"52af5fc\" data-element_type=\"container\" data-e-type=\"container\" data-settings=\"{&quot;background_background&quot;:&quot;classic&quot;}\">\n\t\t\t\t<div class=\"elementor-element elementor-element-923b0e6 elementor-widget elementor-widget-heading\" data-id=\"923b0e6\" data-element_type=\"widget\" data-e-type=\"widget\" data-widget_type=\"heading.default\">\n\t\t\t\t<div class=\"elementor-widget-container\">\n\t\t\t\t\t<h2 class=\"elementor-heading-title elementor-size-default\">NOTRE M\u00c9THODOLOGIE<\/h2>\t\t\t\t<\/div>\n\t\t\t\t<\/div>\n\t\t\t\t<div class=\"elementor-element elementor-element-21f4fe9 elementor-widget__width-initial elementor-widget elementor-widget-heading\" data-id=\"21f4fe9\" data-element_type=\"widget\" data-e-type=\"widget\" data-widget_type=\"heading.default\">\n\t\t\t\t<div class=\"elementor-widget-container\">\n\t\t\t\t\t<h2 class=\"elementor-heading-title elementor-size-default\">En accord avec vos objectifs<\/h2>\t\t\t\t<\/div>\n\t\t\t\t<\/div>\n\t\t\t\t<div class=\"elementor-element elementor-element-dc454f7 elementor-widget-divider--view-line elementor-widget elementor-widget-divider\" data-id=\"dc454f7\" data-element_type=\"widget\" data-e-type=\"widget\" data-widget_type=\"divider.default\">\n\t\t\t\t<div class=\"elementor-widget-container\">\n\t\t\t\t\t\t\t<div class=\"elementor-divider\">\n\t\t\t<span class=\"elementor-divider-separator\">\n\t\t\t\t\t\t<\/span>\n\t\t<\/div>\n\t\t\t\t\t\t<\/div>\n\t\t\t\t<\/div>\n\t\t\t\t<div class=\"elementor-element elementor-element-749c08a elementor-widget elementor-widget-text-editor\" data-id=\"749c08a\" data-element_type=\"widget\" data-e-type=\"widget\" data-widget_type=\"text-editor.default\">\n\t\t\t\t<div class=\"elementor-widget-container\">\n\t\t\t\t\t\t\t\t\t<p>Les audits de Dolfines couvrent la mise en \u0153uvre dans le CMMS des recommandations des \u00e9quipementiers, la conformit\u00e9 aux normes industrielles et aux pratiques recommand\u00e9es, ainsi que la mise en \u0153uvre des politiques des propri\u00e9taires ou gestionnaires d&rsquo;actifs. Pour boucler la boucle, les audits couvrent \u00e9galement l&rsquo;ex\u00e9cution de la maintenance pr\u00e9ventive conform\u00e9ment \u00e0 ces recommandations, normes, pratiques recommand\u00e9es et politiques, y compris la gestion des pi\u00e8ces de rechange, en particulier celles consid\u00e9r\u00e9es comme critiques. <\/p><p><strong>Les auditeurs v\u00e9rifient si :<\/strong><\/p><ul><li>tout l&rsquo;\u00e9quipement, ou du moins l&rsquo;\u00e9quipement principal, est inclus dans le PMMS,<\/li><li>Les plans de travail comprennent les recommandations des \u00e9quipementiers, les normes g\u00e9n\u00e9ralement accept\u00e9es et les pratiques recommand\u00e9es.<\/li><li>La maintenance pr\u00e9ventive est effectu\u00e9e conform\u00e9ment aux calendriers d\u00e9finis.<\/li><li>les stocks de pi\u00e8ces de rechange et de consommables sont r\u00e9approvisionn\u00e9s.<\/li><\/ul><p><br>Les audits PMMS peuvent \u00eatre r\u00e9alis\u00e9s de mani\u00e8re isol\u00e9e ou dans le cadre d&rsquo;une inspection des actifs, bien que, g\u00e9n\u00e9ralement, les audits aient tendance \u00e0 \u00eatre r\u00e9alis\u00e9s dans le cadre d&rsquo;une inspection plus large des actifs.<\/p><p>Dolfines apporte une tr\u00e8s grande exp\u00e9rience de son personnel en mati\u00e8re de maintenance et d&rsquo;int\u00e9grit\u00e9 des actifs, acquise au cours de longues carri\u00e8res aupr\u00e8s d&rsquo;op\u00e9rateurs d&rsquo;actifs.<\/p><p>Les actifs peuvent inclure des navires de forage, des semi-submersibles, des plates-formes auto\u00e9l\u00e9vatrices, des PSV, des FPSO, des appareils de forage terrestres, des appareils de reconditionnement, des unit\u00e9s de tubage enroul\u00e9, des unit\u00e9s de c\u00e2ble lisse, des unit\u00e9s de fracturation, etc.<\/p>\t\t\t\t\t\t\t\t<\/div>\n\t\t\t\t<\/div>\n\t\t\t\t<\/div>\n\t\t<div class=\"elementor-element elementor-element-ab45e39 e-con-full e-flex e-con e-child\" data-id=\"ab45e39\" data-element_type=\"container\" data-e-type=\"container\" data-settings=\"{&quot;background_background&quot;:&quot;classic&quot;}\">\n\t\t\t\t<\/div>\n\t\t\t\t\t<\/div>\n\t\t\t\t<\/div>\n\t\t<div class=\"elementor-element elementor-element-6f7a7c5 e-flex e-con-boxed e-con e-parent\" data-id=\"6f7a7c5\" data-element_type=\"container\" data-e-type=\"container\" data-settings=\"{&quot;background_background&quot;:&quot;classic&quot;}\">\n\t\t\t\t\t<div class=\"e-con-inner\">\n\t\t<div class=\"elementor-element elementor-element-194d17f e-con-full e-flex e-con e-child\" data-id=\"194d17f\" data-element_type=\"container\" data-e-type=\"container\" data-settings=\"{&quot;background_background&quot;:&quot;classic&quot;}\">\n\t\t\t\t<div class=\"elementor-element elementor-element-2d40a82 elementor-widget elementor-widget-menu-anchor\" data-id=\"2d40a82\" data-element_type=\"widget\" data-e-type=\"widget\" data-widget_type=\"menu-anchor.default\">\n\t\t\t\t<div class=\"elementor-widget-container\">\n\t\t\t\t\t\t\t<div class=\"elementor-menu-anchor\" id=\"contact\"><\/div>\n\t\t\t\t\t\t<\/div>\n\t\t\t\t<\/div>\n\t\t\t\t<div class=\"elementor-element elementor-element-c4e10aa elementor-widget__width-initial elementor-widget elementor-widget-heading\" data-id=\"c4e10aa\" data-element_type=\"widget\" data-e-type=\"widget\" data-widget_type=\"heading.default\">\n\t\t\t\t<div class=\"elementor-widget-container\">\n\t\t\t\t\t<h2 class=\"elementor-heading-title elementor-size-default\">contactez nos experts<\/h2>\t\t\t\t<\/div>\n\t\t\t\t<\/div>\n\t\t\t\t<div class=\"elementor-element elementor-element-9ee5cad elementor-widget-divider--view-line elementor-widget elementor-widget-divider\" data-id=\"9ee5cad\" data-element_type=\"widget\" data-e-type=\"widget\" data-widget_type=\"divider.default\">\n\t\t\t\t<div class=\"elementor-widget-container\">\n\t\t\t\t\t\t\t<div class=\"elementor-divider\">\n\t\t\t<span class=\"elementor-divider-separator\">\n\t\t\t\t\t\t<\/span>\n\t\t<\/div>\n\t\t\t\t\t\t<\/div>\n\t\t\t\t<\/div>\n\t\t\t\t<\/div>\n\t\t<div class=\"elementor-element elementor-element-85e674b e-con-full e-flex e-con e-child\" data-id=\"85e674b\" data-element_type=\"container\" data-e-type=\"container\">\n\t\t<div class=\"elementor-element elementor-element-705232c e-con-full e-flex e-con e-child\" data-id=\"705232c\" data-element_type=\"container\" data-e-type=\"container\" data-settings=\"{&quot;background_background&quot;:&quot;classic&quot;}\">\n\t\t<div class=\"elementor-element elementor-element-004c27b e-con-full e-flex e-con e-child\" data-id=\"004c27b\" data-element_type=\"container\" data-e-type=\"container\">\n\t\t\t\t<div class=\"elementor-element elementor-element-526775a elementor-widget elementor-widget-image\" data-id=\"526775a\" data-element_type=\"widget\" data-e-type=\"widget\" data-widget_type=\"image.default\">\n\t\t\t\t<div class=\"elementor-widget-container\">\n\t\t\t\t\t\t\t\t\t\t\t\t\t\t\t<img fetchpriority=\"high\" decoding=\"async\" width=\"800\" height=\"747\" src=\"https:\/\/i0.wp.com\/www.dolfines.com\/wp-content\/uploads\/2024\/09\/Nuno-CORREIA-1.jpg?fit=800%2C747&amp;ssl=1\" class=\"attachment-large size-large wp-image-32645\" alt=\"\" srcset=\"https:\/\/i0.wp.com\/www.dolfines.com\/wp-content\/uploads\/2024\/09\/Nuno-CORREIA-1.jpg?w=900&amp;ssl=1 900w, https:\/\/i0.wp.com\/www.dolfines.com\/wp-content\/uploads\/2024\/09\/Nuno-CORREIA-1.jpg?resize=300%2C280&amp;ssl=1 300w, https:\/\/i0.wp.com\/www.dolfines.com\/wp-content\/uploads\/2024\/09\/Nuno-CORREIA-1.jpg?resize=768%2C717&amp;ssl=1 768w\" sizes=\"(max-width: 800px) 100vw, 800px\" \/>\t\t\t\t\t\t\t\t\t\t\t\t\t\t\t<\/div>\n\t\t\t\t<\/div>\n\t\t\t\t<\/div>\n\t\t<div class=\"elementor-element elementor-element-9cb30e8 e-con-full e-flex e-con e-child\" data-id=\"9cb30e8\" data-element_type=\"container\" data-e-type=\"container\">\n\t\t\t\t<div class=\"elementor-element elementor-element-09fc36a elementor-widget elementor-widget-heading\" data-id=\"09fc36a\" data-element_type=\"widget\" data-e-type=\"widget\" data-widget_type=\"heading.default\">\n\t\t\t\t<div class=\"elementor-widget-container\">\n\t\t\t\t\t<h2 class=\"elementor-heading-title elementor-size-default\">Nuno CORREIA <\/h2>\t\t\t\t<\/div>\n\t\t\t\t<\/div>\n\t\t\t\t<div class=\"elementor-element elementor-element-23f5cd5 elementor-widget elementor-widget-text-editor\" data-id=\"23f5cd5\" data-element_type=\"widget\" data-e-type=\"widget\" data-widget_type=\"text-editor.default\">\n\t\t\t\t<div class=\"elementor-widget-container\">\n\t\t\t\t\t\t\t\t\t<p>Business Line Manager Oil &amp; Gas<\/p>\t\t\t\t\t\t\t\t<\/div>\n\t\t\t\t<\/div>\n\t\t\t\t<div class=\"elementor-element elementor-element-4a7cbc8 elementor-widget elementor-widget-text-editor\" data-id=\"4a7cbc8\" data-element_type=\"widget\" data-e-type=\"widget\" data-widget_type=\"text-editor.default\">\n\t\t\t\t<div class=\"elementor-widget-container\">\n\t\t\t\t\t\t\t\t\t<div class=\"elementor-element elementor-element-4a7cbc8 elementor-widget elementor-widget-text-editor\" data-id=\"4a7cbc8\" data-element_type=\"widget\" data-widget_type=\"text-editor.default\"><div class=\"elementor-widget-container\"><p><span lang=\"EN-US\"><a href=\"tel:+33676524815\">+33 6 76 52 48 15<\/a><\/span><span lang=\"EN-US\"> <\/span><\/p><\/div><\/div>\t\t\t\t\t\t\t\t<\/div>\n\t\t\t\t<\/div>\n\t\t\t\t<div class=\"elementor-element elementor-element-fb7b735 elementor-widget elementor-widget-button\" data-id=\"fb7b735\" data-element_type=\"widget\" data-e-type=\"widget\" data-widget_type=\"button.default\">\n\t\t\t\t<div class=\"elementor-widget-container\">\n\t\t\t\t\t\t\t\t\t<div class=\"elementor-button-wrapper\">\n\t\t\t\t\t<a class=\"elementor-button elementor-button-link elementor-size-sm\" href=\"mailto:nuno.correia@dolfines.com\">\n\t\t\t\t\t\t<span class=\"elementor-button-content-wrapper\">\n\t\t\t\t\t\t\t\t\t<span class=\"elementor-button-text\">Contacter Nuno CORREIA <\/span>\n\t\t\t\t\t<\/span>\n\t\t\t\t\t<\/a>\n\t\t\t\t<\/div>\n\t\t\t\t\t\t\t\t<\/div>\n\t\t\t\t<\/div>\n\t\t\t\t<\/div>\n\t\t\t\t<\/div>\n\t\t\t\t<\/div>\n\t\t\t\t\t<\/div>\n\t\t\t\t<\/div>\n\t\t\t\t<\/div>\n\t\t","protected":false},"excerpt":{"rendered":"<p>SERVICES D&rsquo;\u00c9VALUATION ET D&rsquo;AUDIT Syst\u00e8mes de gestion de la maintenance pr\u00e9ventive (PMMS) Posez une question \u00e0 nos experts JE SOUHAITE \u00caTRE RAPPEL\u00c9 ACCUEIL \u00bb GESTION DES OP\u00c9RATIONS \u00bb SERVICES D&rsquo;\u00c9VALUATION ET D&rsquo;AUDIT \u00bb SYST\u00c8MES DE GESTION DE LA MAINTENANCE PR\u00c9VENTIVE SYST\u00c8MES DE GESTION DE LA MAINTENANCE PR\u00c9VENTIVE DES RECOMMANDATIONS DES FABRICANTS D&rsquo;\u00c9QUIPEMENTS AUX NORMES INDUSTRIELLES [&hellip;]<\/p>\n","protected":false},"author":2,"featured_media":0,"parent":0,"menu_order":0,"comment_status":"closed","ping_status":"closed","template":"","meta":{"footnotes":""},"class_list":["post-37677","page","type-page","status-publish","hentry"],"jetpack_sharing_enabled":true,"_links":{"self":[{"href":"https:\/\/www.dolfines.com\/fr\/wp-json\/wp\/v2\/pages\/37677","targetHints":{"allow":["GET"]}}],"collection":[{"href":"https:\/\/www.dolfines.com\/fr\/wp-json\/wp\/v2\/pages"}],"about":[{"href":"https:\/\/www.dolfines.com\/fr\/wp-json\/wp\/v2\/types\/page"}],"author":[{"embeddable":true,"href":"https:\/\/www.dolfines.com\/fr\/wp-json\/wp\/v2\/users\/2"}],"replies":[{"embeddable":true,"href":"https:\/\/www.dolfines.com\/fr\/wp-json\/wp\/v2\/comments?post=37677"}],"version-history":[{"count":2,"href":"https:\/\/www.dolfines.com\/fr\/wp-json\/wp\/v2\/pages\/37677\/revisions"}],"predecessor-version":[{"id":38091,"href":"https:\/\/www.dolfines.com\/fr\/wp-json\/wp\/v2\/pages\/37677\/revisions\/38091"}],"wp:attachment":[{"href":"https:\/\/www.dolfines.com\/fr\/wp-json\/wp\/v2\/media?parent=37677"}],"curies":[{"name":"wp","href":"https:\/\/api.w.org\/{rel}","templated":true}]}}