{"id":37752,"date":"2025-10-20T09:25:10","date_gmt":"2025-10-20T07:25:10","guid":{"rendered":"https:\/\/www.dolfines.com\/audits-des-fournisseurs-et-programmes-de-qualification\/"},"modified":"2025-12-03T11:33:01","modified_gmt":"2025-12-03T10:33:01","slug":"audits-des-fournisseurs-et-programmes-de-qualification","status":"publish","type":"page","link":"https:\/\/www.dolfines.com\/fr\/audits-des-fournisseurs-et-programmes-de-qualification\/","title":{"rendered":"Audits des fournisseurs et programmes de qualification"},"content":{"rendered":"\t\t<div data-elementor-type=\"wp-page\" data-elementor-id=\"37752\" class=\"elementor elementor-37752 elementor-36650\" data-elementor-post-type=\"page\">\n\t\t\t\t<div class=\"elementor-element elementor-element-e79cf56 e-flex e-con-boxed e-con e-parent\" data-id=\"e79cf56\" data-element_type=\"container\" data-e-type=\"container\" data-settings=\"{&quot;background_background&quot;:&quot;classic&quot;}\">\n\t\t\t\t\t<div class=\"e-con-inner\">\n\t\t<div class=\"elementor-element elementor-element-cfb42e2 e-flex e-con-boxed e-con e-child\" data-id=\"cfb42e2\" data-element_type=\"container\" data-e-type=\"container\">\n\t\t\t\t\t<div class=\"e-con-inner\">\n\t\t\t\t<div class=\"elementor-element elementor-element-9695d2e elementor-widget elementor-widget-text-editor\" data-id=\"9695d2e\" data-element_type=\"widget\" data-e-type=\"widget\" data-widget_type=\"text-editor.default\">\n\t\t\t\t<div class=\"elementor-widget-container\">\n\t\t\t\t\t\t\t\t\t<p>INT\u00c9GRIT\u00c9 DES ACTIFS<\/p>\t\t\t\t\t\t\t\t<\/div>\n\t\t\t\t<\/div>\n\t\t\t\t<div class=\"elementor-element elementor-element-d43ee55 elementor-widget__width-initial elementor-widget elementor-widget-heading\" data-id=\"d43ee55\" data-element_type=\"widget\" data-e-type=\"widget\" data-widget_type=\"heading.default\">\n\t\t\t\t<div class=\"elementor-widget-container\">\n\t\t\t\t\t<h1 class=\"elementor-heading-title elementor-size-default\">Audits des fournisseurs et programmes de qualification<\/h1>\t\t\t\t<\/div>\n\t\t\t\t<\/div>\n\t\t\t\t<div class=\"elementor-element elementor-element-b3f0adc elementor-widget-divider--view-line elementor-widget elementor-widget-divider\" data-id=\"b3f0adc\" data-element_type=\"widget\" data-e-type=\"widget\" data-widget_type=\"divider.default\">\n\t\t\t\t<div class=\"elementor-widget-container\">\n\t\t\t\t\t\t\t<div class=\"elementor-divider\">\n\t\t\t<span class=\"elementor-divider-separator\">\n\t\t\t\t\t\t<\/span>\n\t\t<\/div>\n\t\t\t\t\t\t<\/div>\n\t\t\t\t<\/div>\n\t\t<div class=\"elementor-element elementor-element-8413e06 e-con-full e-flex e-con e-child\" data-id=\"8413e06\" data-element_type=\"container\" data-e-type=\"container\">\n\t\t\t\t<div class=\"elementor-element elementor-element-bb2f4ff elementor-align-center elementor-widget-mobile__width-initial elementor-widget elementor-widget-button\" data-id=\"bb2f4ff\" data-element_type=\"widget\" data-e-type=\"widget\" data-widget_type=\"button.default\">\n\t\t\t\t<div class=\"elementor-widget-container\">\n\t\t\t\t\t\t\t\t\t<div class=\"elementor-button-wrapper\">\n\t\t\t\t\t<a class=\"elementor-button elementor-button-link elementor-size-sm\" href=\"#contact\">\n\t\t\t\t\t\t<span class=\"elementor-button-content-wrapper\">\n\t\t\t\t\t\t<span class=\"elementor-button-icon\">\n\t\t\t\t<svg aria-hidden=\"true\" class=\"e-font-icon-svg e-fas-envelope\" viewBox=\"0 0 512 512\" xmlns=\"http:\/\/www.w3.org\/2000\/svg\"><path d=\"M502.3 190.8c3.9-3.1 9.7-.2 9.7 4.7V400c0 26.5-21.5 48-48 48H48c-26.5 0-48-21.5-48-48V195.6c0-5 5.7-7.8 9.7-4.7 22.4 17.4 52.1 39.5 154.1 113.6 21.1 15.4 56.7 47.8 92.2 47.6 35.7.3 72-32.8 92.3-47.6 102-74.1 131.6-96.3 154-113.7zM256 320c23.2.4 56.6-29.2 73.4-41.4 132.7-96.3 142.8-104.7 173.4-128.7 5.8-4.5 9.2-11.5 9.2-18.9v-19c0-26.5-21.5-48-48-48H48C21.5 64 0 85.5 0 112v19c0 7.4 3.4 14.3 9.2 18.9 30.6 23.9 40.7 32.4 173.4 128.7 16.8 12.2 50.2 41.8 73.4 41.4z\"><\/path><\/svg>\t\t\t<\/span>\n\t\t\t\t\t\t\t\t\t<span class=\"elementor-button-text\">Posez une question \u00e0 nos experts<\/span>\n\t\t\t\t\t<\/span>\n\t\t\t\t\t<\/a>\n\t\t\t\t<\/div>\n\t\t\t\t\t\t\t\t<\/div>\n\t\t\t\t<\/div>\n\t\t\t\t<div class=\"elementor-element elementor-element-d0eb4eb elementor-align-center elementor-widget elementor-widget-button\" data-id=\"d0eb4eb\" data-element_type=\"widget\" data-e-type=\"widget\" data-widget_type=\"button.default\">\n\t\t\t\t<div class=\"elementor-widget-container\">\n\t\t\t\t\t\t\t\t\t<div class=\"elementor-button-wrapper\">\n\t\t\t\t\t<a class=\"elementor-button elementor-button-link elementor-size-sm\" href=\"https:\/\/www.dolfines.com\/fr\/nous-contacter\/\">\n\t\t\t\t\t\t<span class=\"elementor-button-content-wrapper\">\n\t\t\t\t\t\t<span class=\"elementor-button-icon\">\n\t\t\t\t<svg aria-hidden=\"true\" class=\"e-font-icon-svg e-fas-arrow-alt-circle-right\" viewBox=\"0 0 512 512\" xmlns=\"http:\/\/www.w3.org\/2000\/svg\"><path d=\"M256 8c137 0 248 111 248 248S393 504 256 504 8 393 8 256 119 8 256 8zM140 300h116v70.9c0 10.7 13 16.1 20.5 8.5l114.3-114.9c4.7-4.7 4.7-12.2 0-16.9l-114.3-115c-7.6-7.6-20.5-2.2-20.5 8.5V212H140c-6.6 0-12 5.4-12 12v64c0 6.6 5.4 12 12 12z\"><\/path><\/svg>\t\t\t<\/span>\n\t\t\t\t\t\t\t\t\t<span class=\"elementor-button-text\">JE SOUHAITE \u00caTRE RAPPEL\u00c9<\/span>\n\t\t\t\t\t<\/span>\n\t\t\t\t\t<\/a>\n\t\t\t\t<\/div>\n\t\t\t\t\t\t\t\t<\/div>\n\t\t\t\t<\/div>\n\t\t\t\t<\/div>\n\t\t\t\t\t<\/div>\n\t\t\t\t<\/div>\n\t\t\t\t\t<\/div>\n\t\t\t\t<\/div>\n\t\t<div class=\"elementor-element elementor-element-7480fa9 e-flex e-con-boxed e-con e-parent\" data-id=\"7480fa9\" data-element_type=\"container\" data-e-type=\"container\" data-settings=\"{&quot;background_background&quot;:&quot;classic&quot;}\">\n\t\t\t\t\t<div class=\"e-con-inner\">\n\t\t\t\t<div class=\"elementor-element elementor-element-343d174 elementor-widget elementor-widget-text-editor\" data-id=\"343d174\" data-element_type=\"widget\" data-e-type=\"widget\" data-widget_type=\"text-editor.default\">\n\t\t\t\t<div class=\"elementor-widget-container\">\n\t\t\t\t\t\t\t\t\t<p><a href=\"https:\/\/www.dolfines.com\/fr\/\">ACCUEIL<\/a> \u00bb <a href=\"https:\/\/www.dolfines.com\/fr\/integrite-des-actifs\/\">INT\u00c9GRIT\u00c9 DES ACTIFS<\/a> \u00bb <span class=\"e-n-accordion-item-title-header\">Assurance et <br>contr\u00f4le qualit\u00e9 <\/span>\u00bb AUDIT DES FOURNISSEURS ET PROGRAMMES DE QUALIFICATION<\/p>\t\t\t\t\t\t\t\t<\/div>\n\t\t\t\t<\/div>\n\t\t\t\t\t<\/div>\n\t\t\t\t<\/div>\n\t\t<div class=\"elementor-element elementor-element-b72b4b8 e-flex e-con-boxed e-con e-parent\" data-id=\"b72b4b8\" data-element_type=\"container\" data-e-type=\"container\" data-settings=\"{&quot;background_background&quot;:&quot;classic&quot;,&quot;motion_fx_motion_fx_scrolling&quot;:&quot;yes&quot;,&quot;motion_fx_devices&quot;:[&quot;desktop&quot;,&quot;laptop&quot;,&quot;tablet&quot;,&quot;mobile&quot;]}\">\n\t\t\t\t\t<div class=\"e-con-inner\">\n\t\t<div class=\"elementor-element elementor-element-7140f8c e-con-full e-flex e-con e-child\" data-id=\"7140f8c\" data-element_type=\"container\" data-e-type=\"container\" data-settings=\"{&quot;background_background&quot;:&quot;classic&quot;}\">\n\t\t\t\t<div class=\"elementor-element elementor-element-cb75fa5 elementor-widget elementor-widget-heading\" data-id=\"cb75fa5\" data-element_type=\"widget\" data-e-type=\"widget\" data-widget_type=\"heading.default\">\n\t\t\t\t<div class=\"elementor-widget-container\">\n\t\t\t\t\t<h2 class=\"elementor-heading-title elementor-size-default\">AUDIT DES FOURNISSEURS ET PROGRAMMES DE QUALIFICATION<\/h2>\t\t\t\t<\/div>\n\t\t\t\t<\/div>\n\t\t\t\t<div class=\"elementor-element elementor-element-7aba556 elementor-widget__width-initial elementor-widget elementor-widget-heading\" data-id=\"7aba556\" data-element_type=\"widget\" data-e-type=\"widget\" data-widget_type=\"heading.default\">\n\t\t\t\t<div class=\"elementor-widget-container\">\n\t\t\t\t\t<h2 class=\"elementor-heading-title elementor-size-default\">Transformer la conformit\u00e9 en avantage concurrentiel<\/h2>\t\t\t\t<\/div>\n\t\t\t\t<\/div>\n\t\t\t\t<div class=\"elementor-element elementor-element-987da86 elementor-widget-divider--view-line elementor-widget elementor-widget-divider\" data-id=\"987da86\" data-element_type=\"widget\" data-e-type=\"widget\" data-widget_type=\"divider.default\">\n\t\t\t\t<div class=\"elementor-widget-container\">\n\t\t\t\t\t\t\t<div class=\"elementor-divider\">\n\t\t\t<span class=\"elementor-divider-separator\">\n\t\t\t\t\t\t<\/span>\n\t\t<\/div>\n\t\t\t\t\t\t<\/div>\n\t\t\t\t<\/div>\n\t\t\t\t<div class=\"elementor-element elementor-element-cedb948 elementor-widget elementor-widget-text-editor\" data-id=\"cedb948\" data-element_type=\"widget\" data-e-type=\"widget\" data-widget_type=\"text-editor.default\">\n\t\t\t\t<div class=\"elementor-widget-container\">\n\t\t\t\t\t\t\t\t\t<p>Les audits fournisseurs et les programmes de qualification sont des processus structur\u00e9s que les organisations utilisent pour s&rsquo;assurer que leurs fournisseurs (vendeurs) r\u00e9pondent aux normes requises en mati\u00e8re de qualit\u00e9, de s\u00e9curit\u00e9, de fiabilit\u00e9 et de conformit\u00e9 r\u00e9glementaire.<\/p>\t\t\t\t\t\t\t\t<\/div>\n\t\t\t\t<\/div>\n\t\t\t\t<\/div>\n\t\t<div class=\"elementor-element elementor-element-56610d9 e-con-full e-flex e-con e-child\" data-id=\"56610d9\" data-element_type=\"container\" data-e-type=\"container\" data-settings=\"{&quot;background_background&quot;:&quot;classic&quot;}\">\n\t\t\t\t<div class=\"elementor-element elementor-element-fc375e3 elementor-widget elementor-widget-menu-anchor\" data-id=\"fc375e3\" data-element_type=\"widget\" data-e-type=\"widget\" data-widget_type=\"menu-anchor.default\">\n\t\t\t\t<div class=\"elementor-widget-container\">\n\t\t\t\t\t\t\t<div class=\"elementor-menu-anchor\" id=\"consult\"><\/div>\n\t\t\t\t\t\t<\/div>\n\t\t\t\t<\/div>\n\t\t\t\t<\/div>\n\t\t\t\t\t<\/div>\n\t\t\t\t<\/div>\n\t\t<div class=\"elementor-element elementor-element-5830371 e-flex e-con-boxed e-con e-parent\" data-id=\"5830371\" data-element_type=\"container\" data-e-type=\"container\" data-settings=\"{&quot;background_background&quot;:&quot;classic&quot;}\">\n\t\t\t\t\t<div class=\"e-con-inner\">\n\t\t<div class=\"elementor-element elementor-element-87eaa16 e-con-full e-flex e-con e-child\" data-id=\"87eaa16\" data-element_type=\"container\" data-e-type=\"container\" data-settings=\"{&quot;background_background&quot;:&quot;classic&quot;}\">\n\t\t\t\t<div class=\"elementor-element elementor-element-b38e475 elementor-widget elementor-widget-heading\" data-id=\"b38e475\" data-element_type=\"widget\" data-e-type=\"widget\" data-widget_type=\"heading.default\">\n\t\t\t\t<div class=\"elementor-widget-container\">\n\t\t\t\t\t<h2 class=\"elementor-heading-title elementor-size-default\">AUDIT DES FOURNISSEURS ET PROGRAMMES DE QUALIFICATION<\/h2>\t\t\t\t<\/div>\n\t\t\t\t<\/div>\n\t\t\t\t<div class=\"elementor-element elementor-element-fd82bfb elementor-widget__width-initial elementor-widget elementor-widget-heading\" data-id=\"fd82bfb\" data-element_type=\"widget\" data-e-type=\"widget\" data-widget_type=\"heading.default\">\n\t\t\t\t<div class=\"elementor-widget-container\">\n\t\t\t\t\t<h2 class=\"elementor-heading-title elementor-size-default\">AVANTAGES<\/h2>\t\t\t\t<\/div>\n\t\t\t\t<\/div>\n\t\t\t\t<div class=\"elementor-element elementor-element-a41bf6b elementor-widget-divider--view-line elementor-widget elementor-widget-divider\" data-id=\"a41bf6b\" data-element_type=\"widget\" data-e-type=\"widget\" data-widget_type=\"divider.default\">\n\t\t\t\t<div class=\"elementor-widget-container\">\n\t\t\t\t\t\t\t<div class=\"elementor-divider\">\n\t\t\t<span class=\"elementor-divider-separator\">\n\t\t\t\t\t\t<\/span>\n\t\t<\/div>\n\t\t\t\t\t\t<\/div>\n\t\t\t\t<\/div>\n\t\t\t\t<div class=\"elementor-element elementor-element-76af025 elementor-widget elementor-widget-text-editor\" data-id=\"76af025\" data-element_type=\"widget\" data-e-type=\"widget\" data-widget_type=\"text-editor.default\">\n\t\t\t\t<div class=\"elementor-widget-container\">\n\t\t\t\t\t\t\t\t\t<p><strong>Un programme de qualification des fournisseurs <\/strong>est le processus d&rsquo;\u00e9valuation initial utilis\u00e9 pour approuver un fournisseur avant qu&rsquo;il puisse fournir des produits ou des services \u00e0 une entreprise.<\/p><p><strong>Un audit fournisseur <\/strong>est une inspection d\u00e9taill\u00e9e sur site visant \u00e0 v\u00e9rifier qu&rsquo;un fournisseur respecte les normes de qualit\u00e9 et r\u00e9glementaires et suit les proc\u00e9dures qu&rsquo;il pr\u00e9tend appliquer.<\/p><p>Exemples de certains avantages d&rsquo;une usine de fabrication d&rsquo;\u00e9oliennes offshore :<\/p><ul><li><strong>Fiabilit\u00e9 am\u00e9lior\u00e9e des pales<\/strong><ul><li>Moins de d\u00e9fauts finaux gr\u00e2ce \u00e0 une qualit\u00e9 constante des mat\u00e9riaux et \u00e0 une surveillance continue.<\/li><\/ul><\/li><li><strong>Conformit\u00e9 r\u00e9glementaire<\/strong><ul><li>Conforme aux normes ISO 9001, ISO 14001 et CEI 61400.<\/li><\/ul><\/li><li><strong>R\u00e9silience de la cha\u00eene d&rsquo;approvisionnement<\/strong><ul><li>Fournisseurs de secours agr\u00e9\u00e9s pour chaque mat\u00e9riau critique.<\/li><\/ul><\/li><li><strong>Optimisation des co\u00fbts<\/strong><ul><li>R\u00e9duction des retouches, diminution des r\u00e9clamations li\u00e9es \u00e0 la qualit\u00e9.<\/li><\/ul><\/li><li><strong>R\u00e9putation en mati\u00e8re de d\u00e9veloppement durable<\/strong><ul><li>Fournisseurs certifi\u00e9s respectueux de l&rsquo;environnement.<\/li><\/ul><\/li><\/ul><p> <\/p><p><strong>Nos capacit\u00e9s en mati\u00e8re d&rsquo;audit (ISO, MASE, normes internes des clients) et de services techniques tels que la mise en service d&rsquo;appareils de forage et l&rsquo;inspection QAQC nous permettent de mener des audits fournisseurs et des programmes de qualification rigoureux.<\/strong><\/p>\t\t\t\t\t\t\t\t<\/div>\n\t\t\t\t<\/div>\n\t\t\t\t<\/div>\n\t\t<div class=\"elementor-element elementor-element-83ac530 e-con-full e-flex e-con e-child\" data-id=\"83ac530\" data-element_type=\"container\" data-e-type=\"container\" data-settings=\"{&quot;background_background&quot;:&quot;classic&quot;}\">\n\t\t\t\t<div class=\"elementor-element elementor-element-7104c55 elementor-widget elementor-widget-menu-anchor\" data-id=\"7104c55\" data-element_type=\"widget\" data-e-type=\"widget\" data-widget_type=\"menu-anchor.default\">\n\t\t\t\t<div class=\"elementor-widget-container\">\n\t\t\t\t\t\t\t<div class=\"elementor-menu-anchor\" id=\"more\"><\/div>\n\t\t\t\t\t\t<\/div>\n\t\t\t\t<\/div>\n\t\t\t\t<\/div>\n\t\t\t\t\t<\/div>\n\t\t\t\t<\/div>\n\t\t<div class=\"elementor-element elementor-element-b2e1133 elementor-hidden-desktop elementor-hidden-laptop elementor-hidden-tablet elementor-hidden-mobile e-flex e-con-boxed e-con e-parent\" data-id=\"b2e1133\" data-element_type=\"container\" data-e-type=\"container\" data-settings=\"{&quot;background_background&quot;:&quot;classic&quot;}\">\n\t\t\t\t\t<div class=\"e-con-inner\">\n\t\t<div class=\"elementor-element elementor-element-fca02bc e-con-full e-flex e-con e-child\" data-id=\"fca02bc\" data-element_type=\"container\" data-e-type=\"container\" data-settings=\"{&quot;background_background&quot;:&quot;classic&quot;}\">\n\t\t\t\t<div class=\"elementor-element elementor-element-c550035 elementor-widget__width-initial elementor-widget elementor-widget-heading\" data-id=\"c550035\" data-element_type=\"widget\" data-e-type=\"widget\" data-widget_type=\"heading.default\">\n\t\t\t\t<div class=\"elementor-widget-container\">\n\t\t\t\t\t<h2 class=\"elementor-heading-title elementor-size-default\">Exemples de services fournis aux clients<\/h2>\t\t\t\t<\/div>\n\t\t\t\t<\/div>\n\t\t\t\t<div class=\"elementor-element elementor-element-671e0b8 elementor-widget-divider--view-line elementor-widget elementor-widget-divider\" data-id=\"671e0b8\" data-element_type=\"widget\" data-e-type=\"widget\" data-widget_type=\"divider.default\">\n\t\t\t\t<div class=\"elementor-widget-container\">\n\t\t\t\t\t\t\t<div class=\"elementor-divider\">\n\t\t\t<span class=\"elementor-divider-separator\">\n\t\t\t\t\t\t<\/span>\n\t\t<\/div>\n\t\t\t\t\t\t<\/div>\n\t\t\t\t<\/div>\n\t\t\t\t<\/div>\n\t\t\t\t\t<\/div>\n\t\t\t\t<\/div>\n\t\t<div class=\"elementor-element elementor-element-efbea90 elementor-hidden-desktop elementor-hidden-laptop elementor-hidden-tablet elementor-hidden-mobile e-flex e-con-boxed e-con e-parent\" data-id=\"efbea90\" data-element_type=\"container\" data-e-type=\"container\" data-settings=\"{&quot;background_background&quot;:&quot;classic&quot;}\">\n\t\t\t\t\t<div class=\"e-con-inner\">\n\t\t<div class=\"elementor-element elementor-element-d0f1cde e-con-full e-flex e-con e-child\" data-id=\"d0f1cde\" data-element_type=\"container\" data-e-type=\"container\">\n\t\t<div class=\"elementor-element elementor-element-628ea7a e-con-full e-flex e-con e-child\" data-id=\"628ea7a\" data-element_type=\"container\" data-e-type=\"container\" data-settings=\"{&quot;background_background&quot;:&quot;classic&quot;}\">\n\t\t\t\t<div class=\"elementor-element elementor-element-69853ac elementor-widget elementor-widget-image\" data-id=\"69853ac\" data-element_type=\"widget\" data-e-type=\"widget\" data-widget_type=\"image.default\">\n\t\t\t\t<div class=\"elementor-widget-container\">\n\t\t\t\t\t\t\t\t\t\t\t\t\t\t\t<img data-recalc-dims=\"1\" decoding=\"async\" src=\"https:\/\/i0.wp.com\/www.aegide-international.com\/wp-content\/uploads\/2023\/03\/spi-pharma.jpg?w=800&#038;ssl=1\" title=\"\" alt=\"\" loading=\"lazy\" \/>\t\t\t\t\t\t\t\t\t\t\t\t\t\t\t<\/div>\n\t\t\t\t<\/div>\n\t\t\t\t<div class=\"elementor-element elementor-element-3741f9e elementor-widget elementor-widget-text-editor\" data-id=\"3741f9e\" data-element_type=\"widget\" data-e-type=\"widget\" data-widget_type=\"text-editor.default\">\n\t\t\t\t<div class=\"elementor-widget-container\">\n\t\t\t\t\t\t\t\t\t<p><strong><b>Client:<\/b><\/strong> SPI Pharma<\/p><p><strong><b>Service<\/b><\/strong> : Formations personnalis\u00e9es NEBOSH IGC et IOSH Managing Safely.<\/p><p><strong>Solution<\/strong> : Organisation de formations personnalis\u00e9es menant \u00e0 l&rsquo;obtention des certifications Nebosh et IOSH. Ces formations ont \u00e9t\u00e9 compl\u00e9t\u00e9es par des informations sp\u00e9cifiques sur la gestion de la sant\u00e9 et de la s\u00e9curit\u00e9 chez SPI PHARMA et comprenaient des interactions sur le terrain. <\/p><p><strong><b>R\u00e9sultat<\/b><\/strong> : 80 personnes form\u00e9es. Apr\u00e8s les formations, les participants \u00e0 la formation Nebosh ont proc\u00e9d\u00e9 \u00e0 leur propre inspection et les participants \u00e0 la formation IOSH ont fourni de nombreuses analyses des risques. <\/p>\t\t\t\t\t\t\t\t<\/div>\n\t\t\t\t<\/div>\n\t\t\t\t<\/div>\n\t\t<div class=\"elementor-element elementor-element-627d8f1 e-con-full e-flex e-con e-child\" data-id=\"627d8f1\" data-element_type=\"container\" data-e-type=\"container\" data-settings=\"{&quot;background_background&quot;:&quot;classic&quot;}\">\n\t\t\t\t<div class=\"elementor-element elementor-element-c39fd8f elementor-widget elementor-widget-image\" data-id=\"c39fd8f\" data-element_type=\"widget\" data-e-type=\"widget\" data-widget_type=\"image.default\">\n\t\t\t\t<div class=\"elementor-widget-container\">\n\t\t\t\t\t\t\t\t\t\t\t\t\t\t\t<img data-recalc-dims=\"1\" decoding=\"async\" src=\"https:\/\/i0.wp.com\/www.aegide-international.com\/wp-content\/uploads\/2023\/03\/lafarge_2.jpg?w=800&#038;ssl=1\" title=\"\" alt=\"\" loading=\"lazy\" \/>\t\t\t\t\t\t\t\t\t\t\t\t\t\t\t<\/div>\n\t\t\t\t<\/div>\n\t\t\t\t<div class=\"elementor-element elementor-element-dac263f elementor-widget elementor-widget-text-editor\" data-id=\"dac263f\" data-element_type=\"widget\" data-e-type=\"widget\" data-widget_type=\"text-editor.default\">\n\t\t\t\t<div class=\"elementor-widget-container\">\n\t\t\t\t\t\t\t\t\t<p><strong><b>Client <\/b><\/strong>: LafargeHolcim<\/p><p><strong><b>Service<\/b><\/strong> : Programme de formation de formateur au risque routier<\/p><p>Solution: This project included the provision of the following training modules:<\/p><ul><li>Principes fondamentaux de la th\u00e9orie de la conduite pr\u00e9ventive<\/li><li>M\u00e9canique des poids lourds<\/li><li>Exercices pour poids lourds <\/li><li>Conduite comment\u00e9e (en tant que conducteur)<\/li><li>Formation de formateur<\/li><li>Conduite comment\u00e9e (en tant que formateur)<\/li><\/ul><p><br><strong><b>R\u00e9sultat<\/b><\/strong> : Des modules de formation des formateurs ont \u00e9t\u00e9 dispens\u00e9s dans plus de 20 pays d&rsquo;Afrique, d&rsquo;Am\u00e9rique, d&rsquo;Asie, d&rsquo;Europe et du Moyen-Orient pour les v\u00e9hicules l\u00e9gers et lourds.<\/p>\t\t\t\t\t\t\t\t<\/div>\n\t\t\t\t<\/div>\n\t\t\t\t<\/div>\n\t\t\t\t<\/div>\n\t\t\t\t\t<\/div>\n\t\t\t\t<\/div>\n\t\t<div class=\"elementor-element elementor-element-6f7a7c5 e-flex e-con-boxed e-con e-parent\" data-id=\"6f7a7c5\" data-element_type=\"container\" data-e-type=\"container\" data-settings=\"{&quot;background_background&quot;:&quot;classic&quot;}\">\n\t\t\t\t\t<div class=\"e-con-inner\">\n\t\t<div class=\"elementor-element elementor-element-194d17f e-con-full e-flex e-con e-child\" data-id=\"194d17f\" data-element_type=\"container\" data-e-type=\"container\" data-settings=\"{&quot;background_background&quot;:&quot;classic&quot;}\">\n\t\t\t\t<div class=\"elementor-element elementor-element-2d40a82 elementor-widget elementor-widget-menu-anchor\" data-id=\"2d40a82\" data-element_type=\"widget\" data-e-type=\"widget\" data-widget_type=\"menu-anchor.default\">\n\t\t\t\t<div class=\"elementor-widget-container\">\n\t\t\t\t\t\t\t<div class=\"elementor-menu-anchor\" id=\"contact\"><\/div>\n\t\t\t\t\t\t<\/div>\n\t\t\t\t<\/div>\n\t\t\t\t<div class=\"elementor-element elementor-element-c4e10aa elementor-widget__width-initial elementor-widget elementor-widget-heading\" data-id=\"c4e10aa\" data-element_type=\"widget\" data-e-type=\"widget\" data-widget_type=\"heading.default\">\n\t\t\t\t<div class=\"elementor-widget-container\">\n\t\t\t\t\t<h2 class=\"elementor-heading-title elementor-size-default\">contactez nos experts<\/h2>\t\t\t\t<\/div>\n\t\t\t\t<\/div>\n\t\t\t\t<div class=\"elementor-element elementor-element-9ee5cad elementor-widget-divider--view-line elementor-widget elementor-widget-divider\" data-id=\"9ee5cad\" data-element_type=\"widget\" data-e-type=\"widget\" data-widget_type=\"divider.default\">\n\t\t\t\t<div class=\"elementor-widget-container\">\n\t\t\t\t\t\t\t<div class=\"elementor-divider\">\n\t\t\t<span class=\"elementor-divider-separator\">\n\t\t\t\t\t\t<\/span>\n\t\t<\/div>\n\t\t\t\t\t\t<\/div>\n\t\t\t\t<\/div>\n\t\t\t\t<\/div>\n\t\t<div class=\"elementor-element elementor-element-85e674b e-con-full e-flex e-con e-child\" data-id=\"85e674b\" data-element_type=\"container\" data-e-type=\"container\">\n\t\t<div class=\"elementor-element elementor-element-705232c e-con-full e-flex e-con e-child\" data-id=\"705232c\" data-element_type=\"container\" data-e-type=\"container\" data-settings=\"{&quot;background_background&quot;:&quot;classic&quot;}\">\n\t\t<div class=\"elementor-element elementor-element-004c27b e-con-full e-flex e-con e-child\" data-id=\"004c27b\" data-element_type=\"container\" data-e-type=\"container\">\n\t\t\t\t<div class=\"elementor-element elementor-element-526775a elementor-widget elementor-widget-image\" data-id=\"526775a\" data-element_type=\"widget\" data-e-type=\"widget\" data-widget_type=\"image.default\">\n\t\t\t\t<div class=\"elementor-widget-container\">\n\t\t\t\t\t\t\t\t\t\t\t\t\t\t\t<img fetchpriority=\"high\" decoding=\"async\" width=\"800\" height=\"747\" src=\"https:\/\/i0.wp.com\/www.dolfines.com\/wp-content\/uploads\/2024\/09\/Laetitia-DAPREMONT.webp?fit=800%2C747&amp;ssl=1\" class=\"attachment-large size-large wp-image-32508\" alt=\"\" \/>\t\t\t\t\t\t\t\t\t\t\t\t\t\t\t<\/div>\n\t\t\t\t<\/div>\n\t\t\t\t<\/div>\n\t\t<div class=\"elementor-element elementor-element-9cb30e8 e-con-full e-flex e-con e-child\" data-id=\"9cb30e8\" data-element_type=\"container\" data-e-type=\"container\">\n\t\t\t\t<div class=\"elementor-element elementor-element-09fc36a elementor-widget elementor-widget-heading\" data-id=\"09fc36a\" data-element_type=\"widget\" data-e-type=\"widget\" data-widget_type=\"heading.default\">\n\t\t\t\t<div class=\"elementor-widget-container\">\n\t\t\t\t\t<h2 class=\"elementor-heading-title elementor-size-default\">Laetitia DAPREMONT<\/h2>\t\t\t\t<\/div>\n\t\t\t\t<\/div>\n\t\t\t\t<div class=\"elementor-element elementor-element-23f5cd5 elementor-widget elementor-widget-text-editor\" data-id=\"23f5cd5\" data-element_type=\"widget\" data-e-type=\"widget\" data-widget_type=\"text-editor.default\">\n\t\t\t\t<div class=\"elementor-widget-container\">\n\t\t\t\t\t\t\t\t\t<p>Business Line Manager Technical Consulting<\/p>\t\t\t\t\t\t\t\t<\/div>\n\t\t\t\t<\/div>\n\t\t\t\t<div class=\"elementor-element elementor-element-4a7cbc8 elementor-widget elementor-widget-text-editor\" data-id=\"4a7cbc8\" data-element_type=\"widget\" data-e-type=\"widget\" data-widget_type=\"text-editor.default\">\n\t\t\t\t<div class=\"elementor-widget-container\">\n\t\t\t\t\t\t\t\t\t<p><a href=\"tel:+33769450944\">+33 (0)7 69 45 09 44<\/a> <\/p>\t\t\t\t\t\t\t\t<\/div>\n\t\t\t\t<\/div>\n\t\t\t\t<div class=\"elementor-element elementor-element-fb7b735 elementor-widget elementor-widget-button\" data-id=\"fb7b735\" data-element_type=\"widget\" data-e-type=\"widget\" data-widget_type=\"button.default\">\n\t\t\t\t<div class=\"elementor-widget-container\">\n\t\t\t\t\t\t\t\t\t<div class=\"elementor-button-wrapper\">\n\t\t\t\t\t<a class=\"elementor-button elementor-button-link elementor-size-sm\" href=\"mailto:laetitia.dapremont@dolfines.com\">\n\t\t\t\t\t\t<span class=\"elementor-button-content-wrapper\">\n\t\t\t\t\t\t\t\t\t<span class=\"elementor-button-text\">Contacter Laetitia DAPREMONT<\/span>\n\t\t\t\t\t<\/span>\n\t\t\t\t\t<\/a>\n\t\t\t\t<\/div>\n\t\t\t\t\t\t\t\t<\/div>\n\t\t\t\t<\/div>\n\t\t\t\t<\/div>\n\t\t\t\t<\/div>\n\t\t\t\t<\/div>\n\t\t\t\t\t<\/div>\n\t\t\t\t<\/div>\n\t\t\t\t<\/div>\n\t\t","protected":false},"excerpt":{"rendered":"<p>INT\u00c9GRIT\u00c9 DES ACTIFS Audits des fournisseurs et programmes de qualification Posez une question \u00e0 nos experts JE SOUHAITE \u00caTRE RAPPEL\u00c9 ACCUEIL \u00bb INT\u00c9GRIT\u00c9 DES ACTIFS \u00bb Assurance et contr\u00f4le qualit\u00e9 \u00bb AUDIT DES FOURNISSEURS ET PROGRAMMES DE QUALIFICATION AUDIT DES FOURNISSEURS ET PROGRAMMES DE QUALIFICATION Transformer la conformit\u00e9 en avantage concurrentiel Les audits fournisseurs et [&hellip;]<\/p>\n","protected":false},"author":2,"featured_media":0,"parent":0,"menu_order":0,"comment_status":"closed","ping_status":"closed","template":"","meta":{"footnotes":""},"class_list":["post-37752","page","type-page","status-publish","hentry"],"jetpack_sharing_enabled":true,"_links":{"self":[{"href":"https:\/\/www.dolfines.com\/fr\/wp-json\/wp\/v2\/pages\/37752","targetHints":{"allow":["GET"]}}],"collection":[{"href":"https:\/\/www.dolfines.com\/fr\/wp-json\/wp\/v2\/pages"}],"about":[{"href":"https:\/\/www.dolfines.com\/fr\/wp-json\/wp\/v2\/types\/page"}],"author":[{"embeddable":true,"href":"https:\/\/www.dolfines.com\/fr\/wp-json\/wp\/v2\/users\/2"}],"replies":[{"embeddable":true,"href":"https:\/\/www.dolfines.com\/fr\/wp-json\/wp\/v2\/comments?post=37752"}],"version-history":[{"count":2,"href":"https:\/\/www.dolfines.com\/fr\/wp-json\/wp\/v2\/pages\/37752\/revisions"}],"predecessor-version":[{"id":38000,"href":"https:\/\/www.dolfines.com\/fr\/wp-json\/wp\/v2\/pages\/37752\/revisions\/38000"}],"wp:attachment":[{"href":"https:\/\/www.dolfines.com\/fr\/wp-json\/wp\/v2\/media?parent=37752"}],"curies":[{"name":"wp","href":"https:\/\/api.w.org\/{rel}","templated":true}]}}